{"id":49,"date":"2022-10-17T17:35:27","date_gmt":"2022-10-17T15:35:27","guid":{"rendered":"http:\/\/localhost\/estatebravitutti\/estatebravitutti\/?page_id=49"},"modified":"2023-03-16T12:08:51","modified_gmt":"2023-03-16T11:08:51","slug":"i-nostri-esperti","status":"publish","type":"page","link":"https:\/\/bravitutti.net\/estatebravitutti\/i-nostri-esperti\/","title":{"rendered":"I nostri esperti"},"content":{"rendered":"<p>[vc_row css_animation=&#8221;&#8221; row_type=&#8221;row&#8221; use_row_as_full_screen_section=&#8221;no&#8221; type=&#8221;grid&#8221; angled_section=&#8221;no&#8221; text_align=&#8221;center&#8221; background_image_as_pattern=&#8221;without_pattern&#8221; z_index=&#8221;&#8221;][vc_column][vc_column_text]<\/p>\n<h3 style=\"text-align: center\">Ospitiamo esperti provenienti da diversi settori che propongono ai ragazzi attivit\u00e0 e laboratori. Ogni estate ci stupiscono con tante nuove sorprese.<\/h3>\n<p>[\/vc_column_text][vc_empty_space][vc_empty_space][vc_single_image image=&#8221;187&#8243; alignment=&#8221;center&#8221; qode_css_animation=&#8221;&#8221;][\/vc_column][\/vc_row][vc_row css_animation=&#8221;&#8221; row_type=&#8221;row&#8221; use_row_as_full_screen_section=&#8221;no&#8221; type=&#8221;grid&#8221; angled_section=&#8221;no&#8221; text_align=&#8221;left&#8221; background_image_as_pattern=&#8221;without_pattern&#8221; z_index=&#8221;&#8221;][vc_column]<div class=\"vc_row vc_inner elencoStaff\"><div class=\"vc_col-md-4\"><img style=\"background:url('https:\/\/bravitutti.net\/estatebravitutti\/wp-content\/uploads\/sites\/2\/2026\/04\/WhatsApp-Image-2026-04-09-at-14.34.52-e1775739985739.jpeg')\" src=\"https:\/\/bravitutti.net\/estatebravitutti\/wp-content\/themes\/bridge-child\/img\/imgPlaceholder.png\"\/><\/div><div class=\"vc_col-md-8\"><h4>Alba<\/h4>lavoro come Tender & Compliance Team Leader in una multinazionale americana. Accanto al mio percorso professionale, coltivo da sempre una grande passione per la cultura asiatica: dalla cucina agli anime, dai drama al K-pop, fino alla filosofia e alle tradizioni.\r\nPartecipo come esperta a Estate Bravi Tutti, un\u2019esperienza che mi permette di condividere con i ragazzi alcune delle mie passioni.\r\nSono una persona curiosa e creativa, mi piace imparare cose nuove e trovare modi diversi per trasmetterle agli altri. Credo nel valore dello scambio culturale come occasione di crescita e scoperta, soprattutto nel lavoro con bambini e ragazzi.<\/div><\/div><div class=\"vc_row vc_inner elencoStaff\"><div class=\"vc_col-md-4\"><img style=\"background:url('https:\/\/bravitutti.net\/estatebravitutti\/wp-content\/uploads\/sites\/2\/2023\/01\/foto-Giuditta-1-e1675155595937.jpg')\" src=\"https:\/\/bravitutti.net\/estatebravitutti\/wp-content\/themes\/bridge-child\/img\/imgPlaceholder.png\"\/><\/div><div class=\"vc_col-md-8\"><h4>Giuditta<\/h4>sono arteterapeuta ed educatrice, attualmente lavoro con ragazzi delle scuole medie. Pratico yoga e frequento corsi di approfondimento con costanza dal 2012. Sono socia fondatrice di Parinam, associazione che propone sul territorio attivit\u00e0 legate al mondo dell'Arte e dello Yoga. Durante il centro estivo introdurr\u00f2 i ragazzi alla pratica dello Yoga attraverso semplici proposte ludiche e creative.<\/div><\/div><div class=\"vc_row vc_inner elencoStaff\"><div class=\"vc_col-md-4\"><img style=\"background:url('https:\/\/bravitutti.net\/estatebravitutti\/wp-content\/uploads\/sites\/2\/2023\/01\/OOOOO-1-e1675153886914.jpg')\" src=\"https:\/\/bravitutti.net\/estatebravitutti\/wp-content\/themes\/bridge-child\/img\/imgPlaceholder.png\"\/><\/div><div class=\"vc_col-md-8\"><h4>Milena<\/h4>lavoro in una biblioteca che si rivolge esclusivamente ai bambini, a coloro che se ne prendono cura e a tutti i curiosi. Vivo la musica con grande passione e la esprimo suonando il flauto traverso in una simpatica orchestrina. Amo le storie, leggerle e raccontarle, amo la loro forza capace di animare i bambini e dare avvio a grandi imprese. Al campus proporr\u00f2, a chi vorr\u00e0 partecipare, un laboratorio di costruzione di aquiloni; un'attivit\u00e0 sulla leggerezza, il volo, l'immaginazione. \r\n\"La fantasia dopotutto \u00e8 l'aquilone pi\u00f9 alto sul quale si possa volare\"<\/div><\/div><div class=\"vc_row vc_inner elencoStaff\"><div class=\"vc_col-md-4\"><img style=\"background:url('https:\/\/bravitutti.net\/estatebravitutti\/wp-content\/uploads\/sites\/2\/2023\/01\/6d7be257-da4b-431a-8615-34d7c42f2e84-e1675155959607.jpg')\" src=\"https:\/\/bravitutti.net\/estatebravitutti\/wp-content\/themes\/bridge-child\/img\/imgPlaceholder.png\"\/><\/div><div class=\"vc_col-md-8\"><h4>Irene<\/h4> Sono insegnante di scuola primaria dal 2003 e prediligo le discipline  artistiche ed espressive per le quali partecipo costantemente a corsi di aggiornamento. Ho una grande passione per il teatro e dal 2000 faccio parte  di una delle pi\u00f9 longeve e affermate compagnie teatrali  amatoriali del territorio.  Al campus estivo proporr\u00f2 ai bambini di esprimersi liberamente con diverse tecniche pittoriche  e  di costruzione di storie  per immagini.<\/div><\/div><div class=\"vc_row vc_inner elencoStaff\"><div class=\"vc_col-md-4\"><img style=\"background:url('https:\/\/bravitutti.net\/estatebravitutti\/wp-content\/uploads\/sites\/2\/2023\/01\/patty-blog-e1678964769162.jpg')\" src=\"https:\/\/bravitutti.net\/estatebravitutti\/wp-content\/themes\/bridge-child\/img\/imgPlaceholder.png\"\/><\/div><div class=\"vc_col-md-8\"><h4>Patti<\/h4>Lavoro come assistente sociale e amo cucinare. Con i bambini abbiamo rivisitato, o meglio stravolto!! un'antica ricetta calabrese che mi ha insegnato mia nonna: le famose \"pitticelle\" di melanzane. Ci siamo divertiti tanto a cucinare insieme e questo credo sia stato l'ingrediente vincente! Dunque, ci vediamo alla prossima prelibatezza<\/div><\/div><div class=\"vc_row vc_inner elencoStaff\"><div class=\"vc_col-md-4\"><img style=\"background:url('https:\/\/bravitutti.net\/estatebravitutti\/wp-content\/uploads\/sites\/2\/2022\/10\/esperti_5.jpg')\" src=\"https:\/\/bravitutti.net\/estatebravitutti\/wp-content\/themes\/bridge-child\/img\/imgPlaceholder.png\"\/><\/div><div class=\"vc_col-md-8\"><h4>Francesca<\/h4>laboratorio: YOGA\r\nFrancesca propone incontri nei quali i bambini possono cimentarsi con le prime tecniche di yoga, patecipare a giochi per sviluppare la fiducia in se stessi e costruire un mandala.<\/div><\/div><div class=\"vc_row vc_inner elencoStaff\"><div class=\"vc_col-md-4\"><img style=\"background:url('https:\/\/bravitutti.net\/estatebravitutti\/wp-content\/uploads\/sites\/2\/2022\/10\/esperti_6.jpg')\" src=\"https:\/\/bravitutti.net\/estatebravitutti\/wp-content\/themes\/bridge-child\/img\/imgPlaceholder.png\"\/><\/div><div class=\"vc_col-md-8\"><h4>Alessandro<\/h4>laboratorio: CALCIO\r\nEducatore nelle scuole e allenatore dei pulcini del FC Bologna maschile e femminile, con patentino di allenatore di giovani calciatori F.I.G.C.-UEFA C. Nella sua esperienza lavorativa ha spesso organizzato  attivit\u00e0 sportive per i giovanissimi e propone alcuni interventi sul calcio e non solo, per far divertire ed aggregare i nostri ragazzi!<\/div><\/div><div class=\"vc_row vc_inner elencoStaff\"><div class=\"vc_col-md-4\"><img style=\"background:url('https:\/\/bravitutti.net\/estatebravitutti\/wp-content\/uploads\/sites\/2\/2022\/10\/esperti_4.jpg')\" src=\"https:\/\/bravitutti.net\/estatebravitutti\/wp-content\/themes\/bridge-child\/img\/imgPlaceholder.png\"\/><\/div><div class=\"vc_col-md-8\"><h4>Guglielmo<\/h4>Laboratorio: musicoterapia.\r\nWeb: http:\/\/vitamusica.blogspot.it\/<\/div><\/div><div class=\"vc_row vc_inner elencoStaff\"><div class=\"vc_col-md-4\"><img style=\"background:url('https:\/\/bravitutti.net\/estatebravitutti\/wp-content\/uploads\/sites\/2\/2022\/10\/esperti_3.jpg')\" src=\"https:\/\/bravitutti.net\/estatebravitutti\/wp-content\/themes\/bridge-child\/img\/imgPlaceholder.png\"\/><\/div><div class=\"vc_col-md-8\"><h4>Claudio<\/h4>laboratorio: PIZZA!\r\nClaudio si propone come pizzaiolo e coinvolge i ragazzi, dalla preparazione dell'impasto alla farcitura finale!<\/div><\/div><div class=\"vc_row vc_inner elencoStaff\"><div class=\"vc_col-md-4\"><img style=\"background:url('https:\/\/bravitutti.net\/estatebravitutti\/wp-content\/uploads\/sites\/2\/2022\/10\/esperti_2.jpg')\" src=\"https:\/\/bravitutti.net\/estatebravitutti\/wp-content\/themes\/bridge-child\/img\/imgPlaceholder.png\"\/><\/div><div class=\"vc_col-md-8\"><h4>Laura<\/h4>laboratorio: Laura \u00e8 un eco architetto e propone la realizzazione di un progetto utilizzando i materiali naturali del bosco.\r\n<\/div><\/div><div class=\"vc_row vc_inner elencoStaff\"><div class=\"vc_col-md-4\"><img style=\"background:url('https:\/\/bravitutti.net\/estatebravitutti\/wp-content\/uploads\/sites\/2\/2022\/10\/esperti_1.jpg')\" src=\"https:\/\/bravitutti.net\/estatebravitutti\/wp-content\/themes\/bridge-child\/img\/imgPlaceholder.png\"\/><\/div><div class=\"vc_col-md-8\"><h4>Chiara<\/h4>laboratorio: TIRO CON L'ARCO\r\nChiara \u00e8 esperta di tiro con l'arco. Ha spiegato ai bambini la filosofia del saper scegliere il bersaglio, prendere la mira e tirare per fare centro. Una pratica che \u00e8 anche simbolo di uno stile di vita consapevole.<\/div><\/div><div class=\"vc_row vc_inner elencoStaff\"><div class=\"vc_col-md-4\"><img style=\"background:url('https:\/\/bravitutti.net\/estatebravitutti\/wp-content\/uploads\/sites\/2\/2022\/10\/staff_4.jpg')\" src=\"https:\/\/bravitutti.net\/estatebravitutti\/wp-content\/themes\/bridge-child\/img\/imgPlaceholder.png\"\/><\/div><div class=\"vc_col-md-8\"><h4>Gabriella<\/h4>Mamma di due gemelle, laureata in Filosofia della Scienza e diplomata Musicoterapista. Sono una ricercatrice in ambito educativo e relazionale. Progetto e conduco incontri e laboratori espressivi finalizzati alla conoscenza di s\u00e9 e degli altri, attraverso l\u2019espressione musicale. Sono divulgatrice scientifica e ambientale, progetto e conduco interventi educativi nelle scuole. Amo cucinare, cantare, leggere storie ai bambini e vivere il bosco e la montagna.<\/div><\/div>[\/vc_column][\/vc_row]<\/p>\n","protected":false},"excerpt":{"rendered":"<p>[vc_row css_animation=&#8221;&#8221; row_type=&#8221;row&#8221; use_row_as_full_screen_section=&#8221;no&#8221; type=&#8221;grid&#8221; angled_section=&#8221;no&#8221; text_align=&#8221;center&#8221; background_image_as_pattern=&#8221;without_pattern&#8221; z_index=&#8221;&#8221;][vc_column][vc_column_text] Ospitiamo esperti provenienti da diversi settori che propongono ai ragazzi attivit\u00e0 e laboratori. Ogni estate ci stupiscono con tante nuove sorprese. [\/vc_column_text][vc_empty_space][vc_empty_space][vc_single_image image=&#8221;187&#8243; alignment=&#8221;center&#8221; qode_css_animation=&#8221;&#8221;][\/vc_column][\/vc_row][vc_row css_animation=&#8221;&#8221; row_type=&#8221;row&#8221; use_row_as_full_screen_section=&#8221;no&#8221; type=&#8221;grid&#8221; angled_section=&#8221;no&#8221; text_align=&#8221;left&#8221; background_image_as_pattern=&#8221;without_pattern&#8221; z_index=&#8221;&#8221;][vc_column][\/vc_column][\/vc_row]<\/p>\n","protected":false},"author":2,"featured_media":0,"parent":0,"menu_order":0,"comment_status":"closed","ping_status":"closed","template":"full_width.php","meta":[],"acf":[],"yoast_head":"<!-- This site is optimized with the Yoast SEO plugin v19.6.1 - https:\/\/yoast.com\/wordpress\/plugins\/seo\/ -->\n<title>I nostri esperti - Estatebravitutti<\/title>\n<meta name=\"robots\" content=\"index, follow, max-snippet:-1, max-image-preview:large, max-video-preview:-1\" \/>\n<link rel=\"canonical\" href=\"https:\/\/bravitutti.net\/estatebravitutti\/i-nostri-esperti\/\" \/>\n<meta property=\"og:locale\" content=\"it_IT\" \/>\n<meta property=\"og:type\" content=\"article\" \/>\n<meta property=\"og:title\" content=\"I nostri esperti - Estatebravitutti\" \/>\n<meta property=\"og:description\" content=\"[vc_row css_animation=&#8221;&#8221; row_type=&#8221;row&#8221; use_row_as_full_screen_section=&#8221;no&#8221; type=&#8221;grid&#8221; angled_section=&#8221;no&#8221; text_align=&#8221;center&#8221; background_image_as_pattern=&#8221;without_pattern&#8221; z_index=&#8221;&#8221;][vc_column][vc_column_text] Ospitiamo esperti provenienti da diversi settori che propongono ai ragazzi attivit\u00e0 e laboratori. Ogni estate ci stupiscono con tante nuove sorprese. [\/vc_column_text][vc_empty_space][vc_empty_space][vc_single_image image=&#8221;187&#8243; alignment=&#8221;center&#8221; qode_css_animation=&#8221;&#8221;][\/vc_column][\/vc_row][vc_row css_animation=&#8221;&#8221; row_type=&#8221;row&#8221; use_row_as_full_screen_section=&#8221;no&#8221; type=&#8221;grid&#8221; angled_section=&#8221;no&#8221; text_align=&#8221;left&#8221; background_image_as_pattern=&#8221;without_pattern&#8221; z_index=&#8221;&#8221;][vc_column][\/vc_column][\/vc_row]\" \/>\n<meta property=\"og:url\" content=\"https:\/\/bravitutti.net\/estatebravitutti\/i-nostri-esperti\/\" \/>\n<meta property=\"og:site_name\" content=\"Estatebravitutti\" \/>\n<meta property=\"article:modified_time\" content=\"2023-03-16T11:08:51+00:00\" \/>\n<meta name=\"twitter:card\" content=\"summary_large_image\" \/>\n<meta name=\"twitter:label1\" content=\"Tempo di lettura stimato\" \/>\n\t<meta name=\"twitter:data1\" content=\"1 minuto\" \/>\n<script type=\"application\/ld+json\" class=\"yoast-schema-graph\">{\"@context\":\"https:\/\/schema.org\",\"@graph\":[{\"@type\":\"WebPage\",\"@id\":\"https:\/\/bravitutti.net\/estatebravitutti\/i-nostri-esperti\/\",\"url\":\"https:\/\/bravitutti.net\/estatebravitutti\/i-nostri-esperti\/\",\"name\":\"I nostri esperti - Estatebravitutti\",\"isPartOf\":{\"@id\":\"https:\/\/bravitutti.net\/estatebravitutti\/#website\"},\"datePublished\":\"2022-10-17T15:35:27+00:00\",\"dateModified\":\"2023-03-16T11:08:51+00:00\",\"breadcrumb\":{\"@id\":\"https:\/\/bravitutti.net\/estatebravitutti\/i-nostri-esperti\/#breadcrumb\"},\"inLanguage\":\"it-IT\",\"potentialAction\":[{\"@type\":\"ReadAction\",\"target\":[\"https:\/\/bravitutti.net\/estatebravitutti\/i-nostri-esperti\/\"]}]},{\"@type\":\"BreadcrumbList\",\"@id\":\"https:\/\/bravitutti.net\/estatebravitutti\/i-nostri-esperti\/#breadcrumb\",\"itemListElement\":[{\"@type\":\"ListItem\",\"position\":1,\"name\":\"Home\",\"item\":\"https:\/\/bravitutti.net\/estatebravitutti\/\"},{\"@type\":\"ListItem\",\"position\":2,\"name\":\"I nostri esperti\"}]},{\"@type\":\"WebSite\",\"@id\":\"https:\/\/bravitutti.net\/estatebravitutti\/#website\",\"url\":\"https:\/\/bravitutti.net\/estatebravitutti\/\",\"name\":\"Estatebravitutti\",\"description\":\"\",\"potentialAction\":[{\"@type\":\"SearchAction\",\"target\":{\"@type\":\"EntryPoint\",\"urlTemplate\":\"https:\/\/bravitutti.net\/estatebravitutti\/?s={search_term_string}\"},\"query-input\":\"required name=search_term_string\"}],\"inLanguage\":\"it-IT\"}]}<\/script>\n<!-- \/ Yoast SEO plugin. -->","yoast_head_json":{"title":"I nostri esperti - Estatebravitutti","robots":{"index":"index","follow":"follow","max-snippet":"max-snippet:-1","max-image-preview":"max-image-preview:large","max-video-preview":"max-video-preview:-1"},"canonical":"https:\/\/bravitutti.net\/estatebravitutti\/i-nostri-esperti\/","og_locale":"it_IT","og_type":"article","og_title":"I nostri esperti - Estatebravitutti","og_description":"[vc_row css_animation=&#8221;&#8221; row_type=&#8221;row&#8221; use_row_as_full_screen_section=&#8221;no&#8221; type=&#8221;grid&#8221; angled_section=&#8221;no&#8221; text_align=&#8221;center&#8221; background_image_as_pattern=&#8221;without_pattern&#8221; z_index=&#8221;&#8221;][vc_column][vc_column_text] Ospitiamo esperti provenienti da diversi settori che propongono ai ragazzi attivit\u00e0 e laboratori. Ogni estate ci stupiscono con tante nuove sorprese. [\/vc_column_text][vc_empty_space][vc_empty_space][vc_single_image image=&#8221;187&#8243; alignment=&#8221;center&#8221; qode_css_animation=&#8221;&#8221;][\/vc_column][\/vc_row][vc_row css_animation=&#8221;&#8221; row_type=&#8221;row&#8221; use_row_as_full_screen_section=&#8221;no&#8221; type=&#8221;grid&#8221; angled_section=&#8221;no&#8221; text_align=&#8221;left&#8221; background_image_as_pattern=&#8221;without_pattern&#8221; z_index=&#8221;&#8221;][vc_column][\/vc_column][\/vc_row]","og_url":"https:\/\/bravitutti.net\/estatebravitutti\/i-nostri-esperti\/","og_site_name":"Estatebravitutti","article_modified_time":"2023-03-16T11:08:51+00:00","twitter_card":"summary_large_image","twitter_misc":{"Tempo di lettura stimato":"1 minuto"},"schema":{"@context":"https:\/\/schema.org","@graph":[{"@type":"WebPage","@id":"https:\/\/bravitutti.net\/estatebravitutti\/i-nostri-esperti\/","url":"https:\/\/bravitutti.net\/estatebravitutti\/i-nostri-esperti\/","name":"I nostri esperti - Estatebravitutti","isPartOf":{"@id":"https:\/\/bravitutti.net\/estatebravitutti\/#website"},"datePublished":"2022-10-17T15:35:27+00:00","dateModified":"2023-03-16T11:08:51+00:00","breadcrumb":{"@id":"https:\/\/bravitutti.net\/estatebravitutti\/i-nostri-esperti\/#breadcrumb"},"inLanguage":"it-IT","potentialAction":[{"@type":"ReadAction","target":["https:\/\/bravitutti.net\/estatebravitutti\/i-nostri-esperti\/"]}]},{"@type":"BreadcrumbList","@id":"https:\/\/bravitutti.net\/estatebravitutti\/i-nostri-esperti\/#breadcrumb","itemListElement":[{"@type":"ListItem","position":1,"name":"Home","item":"https:\/\/bravitutti.net\/estatebravitutti\/"},{"@type":"ListItem","position":2,"name":"I nostri esperti"}]},{"@type":"WebSite","@id":"https:\/\/bravitutti.net\/estatebravitutti\/#website","url":"https:\/\/bravitutti.net\/estatebravitutti\/","name":"Estatebravitutti","description":"","potentialAction":[{"@type":"SearchAction","target":{"@type":"EntryPoint","urlTemplate":"https:\/\/bravitutti.net\/estatebravitutti\/?s={search_term_string}"},"query-input":"required name=search_term_string"}],"inLanguage":"it-IT"}]}},"_links":{"self":[{"href":"https:\/\/bravitutti.net\/estatebravitutti\/wp-json\/wp\/v2\/pages\/49"}],"collection":[{"href":"https:\/\/bravitutti.net\/estatebravitutti\/wp-json\/wp\/v2\/pages"}],"about":[{"href":"https:\/\/bravitutti.net\/estatebravitutti\/wp-json\/wp\/v2\/types\/page"}],"author":[{"embeddable":true,"href":"https:\/\/bravitutti.net\/estatebravitutti\/wp-json\/wp\/v2\/users\/2"}],"replies":[{"embeddable":true,"href":"https:\/\/bravitutti.net\/estatebravitutti\/wp-json\/wp\/v2\/comments?post=49"}],"version-history":[{"count":20,"href":"https:\/\/bravitutti.net\/estatebravitutti\/wp-json\/wp\/v2\/pages\/49\/revisions"}],"predecessor-version":[{"id":915,"href":"https:\/\/bravitutti.net\/estatebravitutti\/wp-json\/wp\/v2\/pages\/49\/revisions\/915"}],"wp:attachment":[{"href":"https:\/\/bravitutti.net\/estatebravitutti\/wp-json\/wp\/v2\/media?parent=49"}],"curies":[{"name":"wp","href":"https:\/\/api.w.org\/{rel}","templated":true}]}}