{"id":150,"date":"2022-10-18T10:24:13","date_gmt":"2022-10-18T08:24:13","guid":{"rendered":"http:\/\/localhost\/estatebravitutti\/estatebravitutti\/?page_id=150"},"modified":"2022-10-20T11:13:30","modified_gmt":"2022-10-20T09:13:30","slug":"iscrizioni","status":"publish","type":"page","link":"https:\/\/bravitutti.net\/estatebravitutti\/iscrizioni\/","title":{"rendered":"Iscrizioni"},"content":{"rendered":"<p>[vc_row css_animation=&#8221;&#8221; row_type=&#8221;row&#8221; use_row_as_full_screen_section=&#8221;no&#8221; type=&#8221;grid&#8221; angled_section=&#8221;no&#8221; text_align=&#8221;left&#8221; background_image_as_pattern=&#8221;without_pattern&#8221; z_index=&#8221;&#8221;][vc_column][vc_column_text]<\/p>\n<h4>ET\u00c0<\/h4>\n<p>7-14 anni<\/p>\n<h4>PERIODO<\/h4>\n<p>1\u00b0settimana: 26 giugno &#8211; 2 luglio<br \/>\n2\u00b0settimana: 3 &#8211; 9 luglio<br \/>\n3\u00b0settimana: 10 &#8211; 16 luglio<\/p>\n<h4>COSTO (comprensivo di vitto, alloggio, attivit\u00e0, assicurazione)<\/h4>\n<p>&#8211; 380 euro: per 1 settimana di soggiorno<br \/>\n&#8211; 320 euro: dal secondo figlio (per 1 settimana di soggiorno)<br \/>\n&#8211; 700 euro: per 2 settimane consecutive di soggiorno (pernottamento di sabato incluso)[\/vc_column_text][\/vc_column][\/vc_row][vc_row css_animation=&#8221;&#8221; row_type=&#8221;row&#8221; use_row_as_full_screen_section=&#8221;no&#8221; type=&#8221;grid&#8221; angled_section=&#8221;no&#8221; text_align=&#8221;left&#8221; background_image_as_pattern=&#8221;without_pattern&#8221; z_index=&#8221;&#8221; el_class=&#8221;bgGrigio&#8221;][vc_column][vc_column_text]<form  class=\"kaliforms-form-container bootstrap-wrapper  \" data-form-id=\"197\" style=\"opacity:0\"><h3>Modulo di iscrizione (7\/14anni)<\/h3><div id=\"kaliforms-global-error-message-197\" class=\"global-error-message\"><\/div><div class=\"row kali-form-field-row\"><div class=\"col-12 col-md-12 \"><span  data-internal-id=\"freetext9\" type=\"freeText\" id=\"freeText9\" name=\"freeText\">Dati del genitore o di chi esercita la patria potest\u00e0 sul minore (dati per la fatturazione)<\/span><\/div><\/div><div class=\"row kali-form-field-row\"><div class=\"col-12 col-md-6 \"><label  for=\"first-name\">Nome <span class=\"kali-required-mark\">*<\/span><\/label><input  data-internal-id=\"textbox2\" type=\"text\" id=\"first-name\" name=\"nome\" data-properties.type=\"text\" required ><\/div><div class=\"col-12 col-md-6 \"><label  for=\"textbox8\">Cognome <span class=\"kali-required-mark\">*<\/span><\/label><input  data-internal-id=\"textbox8\" type=\"text\" id=\"textbox8\" name=\"cognome\" data-properties.type=\"text\" required ><\/div><\/div><div class=\"row kali-form-field-row\"><div class=\"col-12 col-md-8 \"><label  for=\"textbox10\">Luogo di Nascita <span class=\"kali-required-mark\">*<\/span><\/label><input  data-internal-id=\"textbox10\" type=\"text\" id=\"textbox10\" name=\"luogonascita\" data-properties.type=\"text\" required ><\/div><div class=\"col-12 col-md-4 \"><label  for=\"date12\">Data di Nascita <span class=\"kali-required-mark\">*<\/span><\/label><input data-internal-id=\"date12\" type=\"date\" id=\"date12\" name=\"datanascita\"required  class=\"input\"><\/div><\/div><div class=\"row kali-form-field-row\"><div class=\"col-12 col-md-12 \"><label  for=\"textbox13\">Indirizzo <span class=\"kali-required-mark\">*<\/span><\/label><input  data-internal-id=\"textbox13\" type=\"text\" id=\"textbox13\" name=\"indirizzo\" data-properties.type=\"text\" required ><\/div><\/div><div class=\"row kali-form-field-row\"><div class=\"col-12 col-md-3 \"><label  for=\"textbox14\">Cap <span class=\"kali-required-mark\">*<\/span><\/label><input  data-internal-id=\"textbox14\" type=\"text\" id=\"textbox14\" name=\"cap\" data-properties.type=\"text\" required ><\/div><div class=\"col-12 col-md-5 \"><label  for=\"textbox15\">Citt\u00e0 <span class=\"kali-required-mark\">*<\/span><\/label><input  data-internal-id=\"textbox15\" type=\"text\" id=\"textbox15\" name=\"citta\" data-properties.type=\"text\" required ><\/div><div class=\"col-12 col-md-4 \"><label  for=\"textbox11\">Provincia <span class=\"kali-required-mark\">*<\/span><\/label><input  data-internal-id=\"textbox11\" type=\"text\" id=\"textbox11\" name=\"provincia\" data-properties.type=\"text\" required ><\/div><\/div><div class=\"row kali-form-field-row\"><div class=\"col-12 col-md-6 \"><label  for=\"textbox16\">C.F. \/ P.IVA <span class=\"kali-required-mark\">*<\/span><\/label><input  data-internal-id=\"textbox16\" type=\"text\" id=\"textbox16\" name=\"cfpiva\" data-properties.type=\"text\" required ><\/div><div class=\"col-12 col-md-6 \"><label  for=\"email7\">Email <span class=\"kali-required-mark\">*<\/span><\/label><input  data-internal-id=\"email7\" type=\"email\" id=\"email7\" name=\"email\"required  class=\"input\"><\/div><\/div><div class=\"row kali-form-field-row\"><div class=\"col-12 col-md-6 \"><label  for=\"telephone17\">Cell. Genitore 1 <span class=\"kali-required-mark\">*<\/span><\/label><input  data-internal-id=\"telephone17\" type=\"tel\" id=\"telephone17\" name=\"cellmamma\"required  data-format=\"free\"  class=\"input\"><\/div><div class=\"col-12 col-md-6 \"><label  for=\"telephone18\">Cell. Genitore 2<\/label><input  data-internal-id=\"telephone18\" type=\"tel\" id=\"telephone18\" name=\"cellpapa\" data-format=\"free\"  class=\"input\"><\/div><\/div><div class=\"row kali-form-field-row\"><div class=\"col-12\"><label  for=\"divider19\">DESIDERO ISCRIVERE:<\/label><hr \/><\/div><\/div><div class=\"row kali-form-field-row\"><div class=\"col-12 col-md-6 \"><label  for=\"textbox21\">Nome <span class=\"kali-required-mark\">*<\/span><\/label><input  data-internal-id=\"textbox21\" type=\"text\" id=\"textbox21\" name=\"nomefiglio\" data-properties.type=\"text\" required ><\/div><div class=\"col-12 col-md-6 \"><label  for=\"textbox22\">Cognome <span class=\"kali-required-mark\">*<\/span><\/label><input  data-internal-id=\"textbox22\" type=\"text\" id=\"textbox22\" name=\"cognomefiglio\" data-properties.type=\"text\" required ><\/div><\/div><div class=\"row kali-form-field-row\"><div class=\"col-12 col-md-4 \"><label  for=\"textbox23\">Luogo di Nascita <span class=\"kali-required-mark\">*<\/span><\/label><input  data-internal-id=\"textbox23\" type=\"text\" id=\"textbox23\" name=\"luogonascitafiglio\" data-properties.type=\"text\" required ><\/div><div class=\"col-12 col-md-4 \"><label  for=\"date24\">Data di Nascita <span class=\"kali-required-mark\">*<\/span><\/label><input data-internal-id=\"date24\" type=\"date\" id=\"date24\" name=\"datanascitafiglio\"required  class=\"input\"><\/div><div class=\"col-12 col-md-4 \"><label  for=\"textbox25\">C.F. <span class=\"kali-required-mark\">*<\/span><\/label><input  data-internal-id=\"textbox25\" type=\"text\" id=\"textbox25\" name=\"cffiglio\" data-properties.type=\"text\" required ><\/div><\/div><div class=\"row kali-form-field-row\"><div class=\"col-12\"><label  for=\"divider34\">EVENTUALI SEGNALAZIONI<\/label><hr \/><\/div><\/div><div class=\"row kali-form-field-row\"><div class=\"col-12 col-md-6 \"><label  for=\"textarea35\">Elenco Allergeni<\/label><textarea  data-internal-id=\"textarea35\" type=\"textarea\" id=\"textarea35\" name=\"elencoAllergeni\" rows=\"5\" class=\"input\"><\/textarea><\/div><div class=\"col-12 col-md-6 \"><label  for=\"textarea36\">Cibi da evitare \/ Intolleranze Alimentari<\/label><textarea  data-internal-id=\"textarea36\" type=\"textarea\" id=\"textarea36\" name=\"intolleranzeAlimentari\" rows=\"5\" class=\"input\"><\/textarea><\/div><\/div><div class=\"row kali-form-field-row\"><div class=\"col-12 col-md-6 \"><label  for=\"textarea38\">Altre Segnalazioni (medicinali\/cure....)<\/label><textarea  data-internal-id=\"textarea38\" type=\"textarea\" id=\"textarea38\" name=\"segnalazioniMediche\" rows=\"5\" class=\"input\"><\/textarea><\/div><div class=\"col-12 col-md-6 \"><label  for=\"textarea37\">Rischio Shock Anafilattico: indicare somministrazione farmaci \/ procedure da seguire<\/label><textarea  data-internal-id=\"textarea37\" type=\"textarea\" id=\"textarea37\" name=\"rischioShock\" rows=\"5\" class=\"input\"><\/textarea><\/div><\/div><div class=\"row kali-form-field-row\"><div class=\"col-12\"><label  for=\"divider28\">AL SEGUENTE CAMPO ESTIVO:<\/label><hr \/><\/div><\/div><div class=\"row kali-form-field-row\"><div class=\"col-12 col-md-12 \"><label  for=\"dropdown27\">Date Disponibili <span class=\"kali-required-mark\">*<\/span><\/label><select  data-internal-id=\"dropdown27\" type=\"dropdown\" id=\"dropdown27\" name=\"datacampoestivo\"required  class=\"input\"><option value=\"28 giugno - 04 luglio\" >1\u00b0 settimana dal 28 giugno al 04 luglio -Como-<\/option><option value=\"05 - 11 luglio\" >2\u00b0 settimana dal 05 al 11 luglio -Como-<\/option><\/select><\/div><\/div><div class=\"row kali-form-field-row\"><div class=\"col-12 col-md-12 \"><label class=\"checkbox-label\"><input  data-internal-id=\"termsandconditions58\" type=\"checkbox\" id=\"termsandconditions58\" name=\"termsandconditions58\" data-termsType=\"text\"  data-termsUrl=\"Di aver letto e accettato il &lt;a href=&quot;https:\/\/bravitutti.net\/estatebravitutti\/informativa-privacy\/\"  required value=\"yes\" \/><span style=\"position:relative;bottom:3px\"><span class=\"kali-required-mark\">*<\/span> Dichiaro<\/span><span style=\"max-height:250px;overflow-y:scroll;display:block;\">Di aver letto e accettato l' <a href=\"https:\/\/bravitutti.net\/estatebravitutti\/informativa-privacy-\">Informativa privacy<a \/><\/span><\/label><\/div><\/div><div class=\"row kali-form-field-row\"><div class=\"col-12 col-md-12 \"><label class=\"checkbox-label\"><input  data-internal-id=\"termsandconditions29\" type=\"checkbox\" id=\"termsAndConditions29\" name=\"termsAndConditions\" data-termsType=\"url\"  required value=\"yes\" \/><span style=\"position:relative;bottom:3px\"><span class=\"kali-required-mark\">*<\/span> <a href=\"\" target=\"_blank\">Autorizzo<\/a><\/span><\/label><small>Ai sensi del D.Leg. 196\/03 si comunica che i dati raccolti sono finalizzati all&#039;espletamento di obblighi di legge. Si evidenzia che il trattamento dei dati relativi a queste finalit\u00e0 \u00e8 obbligatorio ed essenziale; l&#039;eventuale non comunicazione dei detti dati ha come conseguenza l&#039;impossibilit\u00e0 di garantire l&#039;iscrizione stessa al soggiorno.<\/small><\/div><\/div><div class=\"row kali-form-field-row\"><div class=\"col-12 col-md-12 \"><label class=\"checkbox-label\"><input  data-internal-id=\"termsandconditions40\" type=\"checkbox\" id=\"termsandconditions40\" name=\"dichiarazioneSalute\" data-termsType=\"url\"  required value=\"yes\" \/><span style=\"position:relative;bottom:3px\"><span class=\"kali-required-mark\">*<\/span> <a href=\"\" target=\"_blank\">Dichiaro:<\/a><\/span><\/label><small>che quanto sopra corrisponde al vero e sollevo gli operatori addetti a seguire i bambini da responsabilit\u00e0 derivanti da problematiche di salute conosciute, ma non dichiarate nel seguente modulo.<\/small><\/div><\/div><div class=\"row kali-form-field-row\"><div class=\"col-12 col-md-12 \"><label class=\"checkbox-label\"><input  data-internal-id=\"termsandconditions41\" type=\"checkbox\" id=\"termsandconditions41\" name=\"dichiarazioneregolamento\" data-termsType=\"text\"  data-termsUrl=\"https:\/\/bravitutti.net\/estatebravitutti\/regolamento\"  required value=\"yes\" \/><span style=\"position:relative;bottom:3px\"><span class=\"kali-required-mark\">*<\/span> Dichiaro:<\/span><span style=\"max-height:250px;overflow-y:scroll;display:block;\">Di aver letto e accettato il <a href=\"https:\/\/bravitutti.net\/estatebravitutti\/regolamento\">Regolamento<a \/><\/span><\/label><\/div><\/div><div class=\"row kali-form-field-row\"><div class=\"col-12 col-md-12 \"><label class=\"radio-label\" style=\"margin-bottom:15px;display:inline-block\">Materiale Fotografico <span class=\"kali-required-mark\">*<\/span><\/label><div class=\"row\"><span class=\"col-12 col-md-4\"><label class=\"radio-label\"><input  data-internal-id=\"radio30\" type=\"radio\" id=\"radio300\" name=\"materialefotografico\" data-flow=\"horizontal\" required  class=\"input\"  value=\"si\">S\u00ec<\/label><\/span><span class=\"col-12 col-md-4\"><label class=\"radio-label\"><input  data-internal-id=\"radio30\" type=\"radio\" id=\"radio301\" name=\"materialefotografico\" data-flow=\"horizontal\" required  class=\"input\"  value=\"no\">No<\/label><\/span><\/div><small>Autorizzo a ritrarre ed esporre materiale fotografico e video durante lo svolgimento del soggiorno e delle attivit\u00e0 (consenso ai sensi del R.D. n.633\/1941) a fini di informazione e pubblicazione sui nostri siti e pagine social.<\/small><\/div><\/div><div class=\"row kali-form-field-row\"><div class=\"col-12 col-md-12 \"><label  for=\"dropdown57\">Siete venuti a conoscenza di Estatebravitutti tramite: <span class=\"kali-required-mark\">*<\/span><\/label><select  data-internal-id=\"dropdown57\" type=\"dropdown\" id=\"dropdown57\" name=\"dropdown\"required  class=\"input\"><option value=\"\" selected>Seleziona opzione<\/option><option value=\"una festa di compleanno Bravitutti\" >una festa di compleanno Bravitutti<\/option><option value=\"instagram\" >instagram<\/option><option value=\"facebook\" >facebook<\/option><option value=\"tutto campi estivi\" >tutto campi estivi<\/option><option value=\"passaparola\" >passaparola<\/option><option value=\"altro\" >altro<\/option><\/select><\/div><\/div><div class=\"row kali-form-field-row\"><div class=\"col-12\"><hr \/><\/div><\/div><div class=\"row kali-form-field-row\"><div class=\"col-12 col-md-12 \"><span  data-internal-id=\"freetext50\" type=\"freeText\" id=\"freeText50\" name=\"freeText716\"><h5>Selezionare il tipo di iscrizione che si desidera effettuare<\/h5><\/span><\/div><\/div><div class=\"row kali-form-field-row\"><div class=\"col-12 col-md-12 \"><span  data-internal-id=\"freetext56\" type=\"freeText\" id=\"freeText56\" name=\"freeText44\">Alla quota d'iscrizione \u00e8 aggiunta l'imposta di bollo di 2 euro<\/span><\/div><\/div><div class=\"row kali-form-field-row\"><div class=\"col-12 col-md-12 \"><p><\/p><p><\/p><div class=\"row\"><div class=\"col-12 col-md-6\"><label><input data-internal-id=\"multipleproducts49\" type=\"radio\" id=\"costiIscrizione0\" name=\"costiIscrizione\"required  data-kali-form-type=\"donation\"   value=\"product-86\" data-price=\"422.00\">Singolo Ragazzo\/a - la settimana<\/label><strong> 422EUR<\/strong><\/div><div class=\"col-12 col-md-6\"><label><input data-internal-id=\"multipleproducts49\" type=\"radio\" id=\"costiIscrizione1\" name=\"costiIscrizione\"required  data-kali-form-type=\"donation\"   value=\"product-4\" data-price=\"380.00\">Fratello \/ Sorella gi\u00e0 iscritto - la settimana<\/label><strong> 380EUR<\/strong><\/div><\/div><\/div><\/div><div class=\"row kali-form-field-row\"><div class=\"col-12 col-md-12 \"><span  data-internal-id=\"freetext54\" type=\"freeText\" id=\"freetext54\" name=\"freetext54\"><h5>Estremi per il bonifico<\/h5><\/span><\/div><\/div><div class=\"row kali-form-field-row\"><div class=\"col-12 col-md-12 \"><span  data-internal-id=\"freetext55\" type=\"freeText\" id=\"freetext55\" name=\"freetext55\"><p>Matteo Gilberti-\nBanca di Credito Cooperativo di Carate Brianza -\nfiliale : 20034 Giussano via Piola\n<br>\n\nIBAN : IT22R0844033150000000060714\n<br>\n (swift) ICRAITRRCAR\n<\/p><\/span><\/div><\/div><div class=\"row kali-form-field-row\"><div class=\"col-12 col-md-4 \"><div  data-internal-id=\"total32\" type=\"total\" data-kali-form-type=\"total\" >Totale da pagare: <b> {price} {currency}<\/b><\/div><input type=\"hidden\" data-currency=\"EUR\" name=\"totaleIscrizione\" id=\"total32\"\/><\/div><div class=\"col-12 col-md-6 \"><label  for=\"fileupload51\">Quietanza di avvenuto pagamento <span class=\"kali-required-mark\">*<\/span><\/label><div data-internal-id=\"fileupload51\"><input  data-internal-id=\"fileupload51\" type=\"file\" id=\"fileupload51\" name=\"Quietanza di avvenuto pagamento\"multiple  data-maxFiles=\"2\"  data-acceptedExtensions=\"image\/jpeg,image\/pjpeg,image\/jpeg,image\/pjpeg,image\/png,image\/gif,image\/HEIC,application\/pdf,application\/zip\" instantUpload imagePreview required  data-max-files=\"2\" style=\"display:none\"><\/div><br\/><small>(Caricare quietanza di avvenuto pagamento)<\/small><\/div><\/div><div class=\"row kali-form-field-row\"><div class=\"col-12 col-md-12 \"><input  data-internal-id=\"submitbutton6\" type=\"submit\" id=\"submit\" data-style=\"btn light-green\"  class=\"input btn light-green\" value=\"Invia Iscrizione\" ><\/div><\/div><!-- This form was built using Kali Forms --><\/form>[\/vc_column_text][\/vc_column][\/vc_row]<\/p>\n","protected":false},"excerpt":{"rendered":"<p>[vc_row css_animation=&#8221;&#8221; row_type=&#8221;row&#8221; use_row_as_full_screen_section=&#8221;no&#8221; type=&#8221;grid&#8221; angled_section=&#8221;no&#8221; text_align=&#8221;left&#8221; background_image_as_pattern=&#8221;without_pattern&#8221; z_index=&#8221;&#8221;][vc_column][vc_column_text] ET\u00c0 7-14 anni PERIODO 1\u00b0settimana: 26 giugno &#8211; 2 luglio 2\u00b0settimana: 3 &#8211; 9 luglio 3\u00b0settimana: 10 &#8211; 16 luglio COSTO (comprensivo di vitto, alloggio, attivit\u00e0, assicurazione) &#8211; 380 euro: per 1 settimana di soggiorno &#8211;&#8230;<\/p>\n","protected":false},"author":2,"featured_media":0,"parent":0,"menu_order":0,"comment_status":"closed","ping_status":"closed","template":"full_width.php","meta":[],"acf":[],"yoast_head":"<!-- This site is optimized with the Yoast SEO plugin v19.6.1 - https:\/\/yoast.com\/wordpress\/plugins\/seo\/ -->\n<title>Iscrizioni - Estatebravitutti<\/title>\n<meta name=\"robots\" content=\"index, follow, max-snippet:-1, max-image-preview:large, max-video-preview:-1\" \/>\n<link rel=\"canonical\" href=\"https:\/\/bravitutti.net\/estatebravitutti\/iscrizioni\/\" \/>\n<meta property=\"og:locale\" content=\"it_IT\" \/>\n<meta property=\"og:type\" content=\"article\" \/>\n<meta property=\"og:title\" content=\"Iscrizioni - Estatebravitutti\" \/>\n<meta property=\"og:description\" content=\"[vc_row css_animation=&#8221;&#8221; row_type=&#8221;row&#8221; use_row_as_full_screen_section=&#8221;no&#8221; type=&#8221;grid&#8221; angled_section=&#8221;no&#8221; text_align=&#8221;left&#8221; background_image_as_pattern=&#8221;without_pattern&#8221; z_index=&#8221;&#8221;][vc_column][vc_column_text] ET\u00c0 7-14 anni PERIODO 1\u00b0settimana: 26 giugno &#8211; 2 luglio 2\u00b0settimana: 3 &#8211; 9 luglio 3\u00b0settimana: 10 &#8211; 16 luglio COSTO (comprensivo di vitto, alloggio, attivit\u00e0, assicurazione) &#8211; 380 euro: per 1 settimana di soggiorno &#8211;...\" \/>\n<meta property=\"og:url\" content=\"https:\/\/bravitutti.net\/estatebravitutti\/iscrizioni\/\" \/>\n<meta property=\"og:site_name\" content=\"Estatebravitutti\" \/>\n<meta property=\"article:modified_time\" content=\"2022-10-20T09:13:30+00:00\" \/>\n<meta name=\"twitter:card\" content=\"summary_large_image\" \/>\n<meta name=\"twitter:label1\" content=\"Tempo di lettura stimato\" \/>\n\t<meta name=\"twitter:data1\" content=\"1 minuto\" \/>\n<script type=\"application\/ld+json\" class=\"yoast-schema-graph\">{\"@context\":\"https:\/\/schema.org\",\"@graph\":[{\"@type\":\"WebPage\",\"@id\":\"https:\/\/bravitutti.net\/estatebravitutti\/iscrizioni\/\",\"url\":\"https:\/\/bravitutti.net\/estatebravitutti\/iscrizioni\/\",\"name\":\"Iscrizioni - Estatebravitutti\",\"isPartOf\":{\"@id\":\"https:\/\/bravitutti.net\/estatebravitutti\/#website\"},\"datePublished\":\"2022-10-18T08:24:13+00:00\",\"dateModified\":\"2022-10-20T09:13:30+00:00\",\"breadcrumb\":{\"@id\":\"https:\/\/bravitutti.net\/estatebravitutti\/iscrizioni\/#breadcrumb\"},\"inLanguage\":\"it-IT\",\"potentialAction\":[{\"@type\":\"ReadAction\",\"target\":[\"https:\/\/bravitutti.net\/estatebravitutti\/iscrizioni\/\"]}]},{\"@type\":\"BreadcrumbList\",\"@id\":\"https:\/\/bravitutti.net\/estatebravitutti\/iscrizioni\/#breadcrumb\",\"itemListElement\":[{\"@type\":\"ListItem\",\"position\":1,\"name\":\"Home\",\"item\":\"https:\/\/bravitutti.net\/estatebravitutti\/\"},{\"@type\":\"ListItem\",\"position\":2,\"name\":\"Iscrizioni\"}]},{\"@type\":\"WebSite\",\"@id\":\"https:\/\/bravitutti.net\/estatebravitutti\/#website\",\"url\":\"https:\/\/bravitutti.net\/estatebravitutti\/\",\"name\":\"Estatebravitutti\",\"description\":\"\",\"potentialAction\":[{\"@type\":\"SearchAction\",\"target\":{\"@type\":\"EntryPoint\",\"urlTemplate\":\"https:\/\/bravitutti.net\/estatebravitutti\/?s={search_term_string}\"},\"query-input\":\"required name=search_term_string\"}],\"inLanguage\":\"it-IT\"}]}<\/script>\n<!-- \/ Yoast SEO plugin. -->","yoast_head_json":{"title":"Iscrizioni - Estatebravitutti","robots":{"index":"index","follow":"follow","max-snippet":"max-snippet:-1","max-image-preview":"max-image-preview:large","max-video-preview":"max-video-preview:-1"},"canonical":"https:\/\/bravitutti.net\/estatebravitutti\/iscrizioni\/","og_locale":"it_IT","og_type":"article","og_title":"Iscrizioni - Estatebravitutti","og_description":"[vc_row css_animation=&#8221;&#8221; row_type=&#8221;row&#8221; use_row_as_full_screen_section=&#8221;no&#8221; type=&#8221;grid&#8221; angled_section=&#8221;no&#8221; text_align=&#8221;left&#8221; background_image_as_pattern=&#8221;without_pattern&#8221; z_index=&#8221;&#8221;][vc_column][vc_column_text] ET\u00c0 7-14 anni PERIODO 1\u00b0settimana: 26 giugno &#8211; 2 luglio 2\u00b0settimana: 3 &#8211; 9 luglio 3\u00b0settimana: 10 &#8211; 16 luglio COSTO (comprensivo di vitto, alloggio, attivit\u00e0, assicurazione) &#8211; 380 euro: per 1 settimana di soggiorno &#8211;...","og_url":"https:\/\/bravitutti.net\/estatebravitutti\/iscrizioni\/","og_site_name":"Estatebravitutti","article_modified_time":"2022-10-20T09:13:30+00:00","twitter_card":"summary_large_image","twitter_misc":{"Tempo di lettura stimato":"1 minuto"},"schema":{"@context":"https:\/\/schema.org","@graph":[{"@type":"WebPage","@id":"https:\/\/bravitutti.net\/estatebravitutti\/iscrizioni\/","url":"https:\/\/bravitutti.net\/estatebravitutti\/iscrizioni\/","name":"Iscrizioni - Estatebravitutti","isPartOf":{"@id":"https:\/\/bravitutti.net\/estatebravitutti\/#website"},"datePublished":"2022-10-18T08:24:13+00:00","dateModified":"2022-10-20T09:13:30+00:00","breadcrumb":{"@id":"https:\/\/bravitutti.net\/estatebravitutti\/iscrizioni\/#breadcrumb"},"inLanguage":"it-IT","potentialAction":[{"@type":"ReadAction","target":["https:\/\/bravitutti.net\/estatebravitutti\/iscrizioni\/"]}]},{"@type":"BreadcrumbList","@id":"https:\/\/bravitutti.net\/estatebravitutti\/iscrizioni\/#breadcrumb","itemListElement":[{"@type":"ListItem","position":1,"name":"Home","item":"https:\/\/bravitutti.net\/estatebravitutti\/"},{"@type":"ListItem","position":2,"name":"Iscrizioni"}]},{"@type":"WebSite","@id":"https:\/\/bravitutti.net\/estatebravitutti\/#website","url":"https:\/\/bravitutti.net\/estatebravitutti\/","name":"Estatebravitutti","description":"","potentialAction":[{"@type":"SearchAction","target":{"@type":"EntryPoint","urlTemplate":"https:\/\/bravitutti.net\/estatebravitutti\/?s={search_term_string}"},"query-input":"required name=search_term_string"}],"inLanguage":"it-IT"}]}},"_links":{"self":[{"href":"https:\/\/bravitutti.net\/estatebravitutti\/wp-json\/wp\/v2\/pages\/150"}],"collection":[{"href":"https:\/\/bravitutti.net\/estatebravitutti\/wp-json\/wp\/v2\/pages"}],"about":[{"href":"https:\/\/bravitutti.net\/estatebravitutti\/wp-json\/wp\/v2\/types\/page"}],"author":[{"embeddable":true,"href":"https:\/\/bravitutti.net\/estatebravitutti\/wp-json\/wp\/v2\/users\/2"}],"replies":[{"embeddable":true,"href":"https:\/\/bravitutti.net\/estatebravitutti\/wp-json\/wp\/v2\/comments?post=150"}],"version-history":[{"count":12,"href":"https:\/\/bravitutti.net\/estatebravitutti\/wp-json\/wp\/v2\/pages\/150\/revisions"}],"predecessor-version":[{"id":201,"href":"https:\/\/bravitutti.net\/estatebravitutti\/wp-json\/wp\/v2\/pages\/150\/revisions\/201"}],"wp:attachment":[{"href":"https:\/\/bravitutti.net\/estatebravitutti\/wp-json\/wp\/v2\/media?parent=150"}],"curies":[{"name":"wp","href":"https:\/\/api.w.org\/{rel}","templated":true}]}}