{"id":342,"date":"2023-09-20T12:51:44","date_gmt":"2023-09-20T10:51:44","guid":{"rendered":"https:\/\/bravitutti.net\/bravituttitabu\/?page_id=342"},"modified":"2023-09-21T11:41:19","modified_gmt":"2023-09-21T09:41:19","slug":"regolamento","status":"publish","type":"page","link":"https:\/\/bravitutti.net\/bravituttitabu\/regolamento\/","title":{"rendered":""},"content":{"rendered":"<p>[vc_row css_animation=&#8221;&#8221; row_type=&#8221;row&#8221; use_row_as_full_screen_section=&#8221;no&#8221; type=&#8221;full_width&#8221; angled_section=&#8221;no&#8221; text_align=&#8221;left&#8221; background_image_as_pattern=&#8221;without_pattern&#8221;][vc_column][vc_single_image image=&#8221;10&#8243; alignment=&#8221;center&#8221; qode_css_animation=&#8221;&#8221;][vc_empty_space][vc_column_text]<\/p>\n<h4><b>REGOLAMENTO &#8211; BRAVITUTTI TABU\u2019 &#8211; 14\/15 ottobre 2023<\/b><\/h4>\n<p>&nbsp;<\/p>\n<p>&nbsp;<\/p>\n<ol>\n<li><b> Il campo BRAVITUTTITABU\u2019<\/b><span style=\"font-weight: 400\"><strong>:<\/strong> \u00e8 un&#8217;attivit\u00e0 rivolta a ragazzi\/e di et\u00e0 compresa tra gli 11 e i 15 anni. Il soggiorno \u00e8 previsto presso la Casa Scout Don Titino nel Parco Regionale Spina Verde. Per l&#8217;intera durata del soggiorno i partecipanti saranno seguiti giorno e notte dagli educatori.<\/span><\/li>\n<li><b> Iscrizione:<\/b><span style=\"font-weight: 400\"> \u00e8 necessario inviare i seguenti documenti<\/span><\/li>\n<\/ol>\n<p><b>&#8211; MODULO DI ISCRIZIONE <\/b><b>(tramite sito)<\/b><\/p>\n<p><b>&#8211; AUTOCERTIFICAZIONE DELLO STATO DI<\/b><\/p>\n<p><b>\u00a0\u00a0SALUTE DEL MINORE<\/b><b> (tramite sito)<\/b><\/p>\n<p><b>&#8211; LA QUIETANZA DI AVVENUTO PAGAMENTO<\/b><\/p>\n<p><b>\u00a0\u00a0<\/b><b>(tramite sito)<\/b><\/p>\n<p><a href=\"https:\/\/bravitutti.net\/bravituttitabu\/\"><b>https:\/\/bravitutti.net\/bravituttitabu\/<\/b><\/a><\/p>\n<p><b>Una volta avvenuta l\u2019iscrizione tramite il sito riceverete una mail dove vi saranno richiesti i documenti mancanti:<\/b><\/p>\n<p><b>&#8211; COPIA CARTA D\u2019IDENTITA\u2019 DEL GENITORE\u00a0<\/b><\/p>\n<p><b>\u00a0\u00a0O TUTORE DEL MINORE <\/b><b>(via mail)<\/b><\/p>\n<p><b>&#8211; COPIA CARTA DI IDENTITA\u2019 E CODICE<\/b><\/p>\n<p><b>\u00a0\u00a0FISCALE DEL MINORE <\/b><b>(via mail)<\/b><\/p>\n<ol start=\"3\">\n<li><b> Pagamento: <\/b><span style=\"font-weight: 400\">il contributo per il campus \u00e8 di 120 euro. <\/span>Nella quota sono compresi: alloggio, pensione completa, escursioni, attivit\u00e0, assicurazione. Nella quota non sono compresi: viaggio di andata e ritorno per\/da le sedi dei Campus.<\/li>\n<\/ol>\n<p><b>Pagamento tramite bonifico bancario a:<\/b><\/p>\n<table style=\"height: 151px\" width=\"447\">\n<tbody>\n<tr>\n<td>\n<p style=\"text-align: left\"><b>Matteo Gilberti<\/b><\/p>\n<p style=\"text-align: left\"><b>Banca di credito cooperativo di Carate Brianza- filiale di Giussano<\/b><\/p>\n<p style=\"text-align: left\"><b>IBAN: IT22R0844033150000000060714<\/b><\/p>\n<\/td>\n<\/tr>\n<\/tbody>\n<\/table>\n<ol start=\"4\">\n<li><b>Rinuncia\/annullamento:<\/b><span style=\"font-weight: 400\"> in caso di rinuncia alla famiglia verr\u00e0 restituito il 50% della quota versata; in caso di annullamento del soggiorno, la quota verr\u00e0 interamente restituita.<\/span><\/li>\n<li><b> Assicurazione: <\/b>la quota di partecipazione include una polizza assicurativa la cui copertura comprende il periodo di effettivo soggiorno del partecipante presso il Campus.<\/li>\n<\/ol>\n<ol start=\"6\">\n<li><b> Esonero di responsabilit\u00e0: <\/b>l&#8217;Organizzatore \u00e8 espressamente esonerato da responsabilit\u00e0 per gli eventuali danni derivati da fatti imputabili in via esclusiva al Partecipante (ivi comprese, a titolo esemplificativo e non esaustivo, iniziative autonome e non autorizzate assunte dal Partecipante nel corso del soggiorno) o da circostanze estranee alla fornitura delle prestazioni previste (quali, a titolo esemplificativo e non esaustivo, il trasferimento dalla e per la localit\u00e0 del campus), da caso fortuito, da forza maggiore, o da circostanze che lo stesso Organizzatore non poteva, secondo la normale diligenza professionale, prevedere o impedire. L&#8217;organizzazione infine non risponde di oggetti preziosi smarriti o danneggiati.<\/li>\n<\/ol>\n<ol start=\"7\">\n<li><b> Termine del soggiorno:<\/b><span style=\"font-weight: 400\"> il minore pu\u00f2 essere consegnato a persone diverse dai genitori purch\u00e9 maggiorenni, forniti di documento d&#8217;identit\u00e0 ed autorizzazione firmata da chi esercita la patria potest\u00e0.<\/span><\/li>\n<li><b> Comunicazioni durante il campus:<\/b><span style=\"font-weight: 400\"> \u00e8 possibile chiamare ai numeri di cellulare degli educatori\u00a0<\/span><\/li>\n<\/ol>\n<p><span style=\"font-weight: 400\">Matteo 3494258931<\/span><\/p>\n<p><span style=\"font-weight: 400\">Lorenza 340899049\u00a0<\/span><\/p>\n<p><span style=\"font-weight: 400\">E&#8217; anche possibile portare cellulari personali, che saranno raccolti dagli educatori a inizio campus e distribuiti al termine del soggiorno. Ogni cellulare dovr\u00e0 avere una targhetta con il nome del proprietario.<\/span>[\/vc_column_text][\/vc_column][\/vc_row]<\/p>\n","protected":false},"excerpt":{"rendered":"<p>[vc_row css_animation=&#8221;&#8221; row_type=&#8221;row&#8221; use_row_as_full_screen_section=&#8221;no&#8221; type=&#8221;full_width&#8221; angled_section=&#8221;no&#8221; text_align=&#8221;left&#8221; background_image_as_pattern=&#8221;without_pattern&#8221;][vc_column][vc_single_image image=&#8221;10&#8243; alignment=&#8221;center&#8221; qode_css_animation=&#8221;&#8221;][vc_empty_space][vc_column_text] REGOLAMENTO &#8211; BRAVITUTTI TABU\u2019 &#8211; 14\/15 ottobre 2023 &nbsp; &nbsp; Il campo BRAVITUTTITABU\u2019: \u00e8 un&#8217;attivit\u00e0 rivolta a ragazzi\/e di et\u00e0 compresa tra gli 11 e i 15 anni. Il soggiorno \u00e8 previsto presso la&#8230;<\/p>\n","protected":false},"author":9,"featured_media":0,"parent":0,"menu_order":0,"comment_status":"closed","ping_status":"closed","template":"","meta":[],"acf":[],"yoast_head":"<!-- This site is optimized with the Yoast SEO plugin v19.6.1 - https:\/\/yoast.com\/wordpress\/plugins\/seo\/ -->\n<title>- Bravituttitab\u00f9<\/title>\n<meta name=\"robots\" content=\"index, follow, max-snippet:-1, max-image-preview:large, max-video-preview:-1\" \/>\n<link rel=\"canonical\" href=\"https:\/\/bravitutti.net\/bravituttitabu\/regolamento\/\" \/>\n<meta property=\"og:locale\" content=\"it_IT\" \/>\n<meta property=\"og:type\" content=\"article\" \/>\n<meta property=\"og:title\" content=\"- Bravituttitab\u00f9\" \/>\n<meta property=\"og:description\" content=\"[vc_row css_animation=&#8221;&#8221; row_type=&#8221;row&#8221; use_row_as_full_screen_section=&#8221;no&#8221; type=&#8221;full_width&#8221; angled_section=&#8221;no&#8221; text_align=&#8221;left&#8221; background_image_as_pattern=&#8221;without_pattern&#8221;][vc_column][vc_single_image image=&#8221;10&#8243; alignment=&#8221;center&#8221; qode_css_animation=&#8221;&#8221;][vc_empty_space][vc_column_text] REGOLAMENTO &#8211; BRAVITUTTI TABU\u2019 &#8211; 14\/15 ottobre 2023 &nbsp; &nbsp; Il campo BRAVITUTTITABU\u2019: \u00e8 un&#8217;attivit\u00e0 rivolta a ragazzi\/e di et\u00e0 compresa tra gli 11 e i 15 anni. Il soggiorno \u00e8 previsto presso la...\" \/>\n<meta property=\"og:url\" content=\"https:\/\/bravitutti.net\/bravituttitabu\/regolamento\/\" \/>\n<meta property=\"og:site_name\" content=\"Bravituttitab\u00f9\" \/>\n<meta property=\"article:modified_time\" content=\"2023-09-21T09:41:19+00:00\" \/>\n<meta name=\"twitter:card\" content=\"summary_large_image\" \/>\n<meta name=\"twitter:label1\" content=\"Tempo di lettura stimato\" \/>\n\t<meta name=\"twitter:data1\" content=\"3 minuti\" \/>\n<script type=\"application\/ld+json\" class=\"yoast-schema-graph\">{\"@context\":\"https:\/\/schema.org\",\"@graph\":[{\"@type\":\"WebPage\",\"@id\":\"https:\/\/bravitutti.net\/bravituttitabu\/regolamento\/\",\"url\":\"https:\/\/bravitutti.net\/bravituttitabu\/regolamento\/\",\"name\":\"- Bravituttitab\u00f9\",\"isPartOf\":{\"@id\":\"https:\/\/bravitutti.net\/bravituttitabu\/#website\"},\"datePublished\":\"2023-09-20T10:51:44+00:00\",\"dateModified\":\"2023-09-21T09:41:19+00:00\",\"breadcrumb\":{\"@id\":\"https:\/\/bravitutti.net\/bravituttitabu\/regolamento\/#breadcrumb\"},\"inLanguage\":\"it-IT\",\"potentialAction\":[{\"@type\":\"ReadAction\",\"target\":[\"https:\/\/bravitutti.net\/bravituttitabu\/regolamento\/\"]}]},{\"@type\":\"BreadcrumbList\",\"@id\":\"https:\/\/bravitutti.net\/bravituttitabu\/regolamento\/#breadcrumb\",\"itemListElement\":[{\"@type\":\"ListItem\",\"position\":1,\"name\":\"Home\",\"item\":\"https:\/\/bravitutti.net\/bravituttitabu\/\"},{\"@type\":\"ListItem\",\"position\":2,\"name\":\"\"}]},{\"@type\":\"WebSite\",\"@id\":\"https:\/\/bravitutti.net\/bravituttitabu\/#website\",\"url\":\"https:\/\/bravitutti.net\/bravituttitabu\/\",\"name\":\"Bravituttitab\u00f9\",\"description\":\"Ecco un altro sito Bravitutti siti\",\"potentialAction\":[{\"@type\":\"SearchAction\",\"target\":{\"@type\":\"EntryPoint\",\"urlTemplate\":\"https:\/\/bravitutti.net\/bravituttitabu\/?s={search_term_string}\"},\"query-input\":\"required name=search_term_string\"}],\"inLanguage\":\"it-IT\"}]}<\/script>\n<!-- \/ Yoast SEO plugin. -->","yoast_head_json":{"title":"- Bravituttitab\u00f9","robots":{"index":"index","follow":"follow","max-snippet":"max-snippet:-1","max-image-preview":"max-image-preview:large","max-video-preview":"max-video-preview:-1"},"canonical":"https:\/\/bravitutti.net\/bravituttitabu\/regolamento\/","og_locale":"it_IT","og_type":"article","og_title":"- Bravituttitab\u00f9","og_description":"[vc_row css_animation=&#8221;&#8221; row_type=&#8221;row&#8221; use_row_as_full_screen_section=&#8221;no&#8221; type=&#8221;full_width&#8221; angled_section=&#8221;no&#8221; text_align=&#8221;left&#8221; background_image_as_pattern=&#8221;without_pattern&#8221;][vc_column][vc_single_image image=&#8221;10&#8243; alignment=&#8221;center&#8221; qode_css_animation=&#8221;&#8221;][vc_empty_space][vc_column_text] REGOLAMENTO &#8211; BRAVITUTTI TABU\u2019 &#8211; 14\/15 ottobre 2023 &nbsp; &nbsp; Il campo BRAVITUTTITABU\u2019: \u00e8 un&#8217;attivit\u00e0 rivolta a ragazzi\/e di et\u00e0 compresa tra gli 11 e i 15 anni. Il soggiorno \u00e8 previsto presso la...","og_url":"https:\/\/bravitutti.net\/bravituttitabu\/regolamento\/","og_site_name":"Bravituttitab\u00f9","article_modified_time":"2023-09-21T09:41:19+00:00","twitter_card":"summary_large_image","twitter_misc":{"Tempo di lettura stimato":"3 minuti"},"schema":{"@context":"https:\/\/schema.org","@graph":[{"@type":"WebPage","@id":"https:\/\/bravitutti.net\/bravituttitabu\/regolamento\/","url":"https:\/\/bravitutti.net\/bravituttitabu\/regolamento\/","name":"- Bravituttitab\u00f9","isPartOf":{"@id":"https:\/\/bravitutti.net\/bravituttitabu\/#website"},"datePublished":"2023-09-20T10:51:44+00:00","dateModified":"2023-09-21T09:41:19+00:00","breadcrumb":{"@id":"https:\/\/bravitutti.net\/bravituttitabu\/regolamento\/#breadcrumb"},"inLanguage":"it-IT","potentialAction":[{"@type":"ReadAction","target":["https:\/\/bravitutti.net\/bravituttitabu\/regolamento\/"]}]},{"@type":"BreadcrumbList","@id":"https:\/\/bravitutti.net\/bravituttitabu\/regolamento\/#breadcrumb","itemListElement":[{"@type":"ListItem","position":1,"name":"Home","item":"https:\/\/bravitutti.net\/bravituttitabu\/"},{"@type":"ListItem","position":2,"name":""}]},{"@type":"WebSite","@id":"https:\/\/bravitutti.net\/bravituttitabu\/#website","url":"https:\/\/bravitutti.net\/bravituttitabu\/","name":"Bravituttitab\u00f9","description":"Ecco un altro sito Bravitutti siti","potentialAction":[{"@type":"SearchAction","target":{"@type":"EntryPoint","urlTemplate":"https:\/\/bravitutti.net\/bravituttitabu\/?s={search_term_string}"},"query-input":"required name=search_term_string"}],"inLanguage":"it-IT"}]}},"_links":{"self":[{"href":"https:\/\/bravitutti.net\/bravituttitabu\/wp-json\/wp\/v2\/pages\/342"}],"collection":[{"href":"https:\/\/bravitutti.net\/bravituttitabu\/wp-json\/wp\/v2\/pages"}],"about":[{"href":"https:\/\/bravitutti.net\/bravituttitabu\/wp-json\/wp\/v2\/types\/page"}],"author":[{"embeddable":true,"href":"https:\/\/bravitutti.net\/bravituttitabu\/wp-json\/wp\/v2\/users\/9"}],"replies":[{"embeddable":true,"href":"https:\/\/bravitutti.net\/bravituttitabu\/wp-json\/wp\/v2\/comments?post=342"}],"version-history":[{"count":9,"href":"https:\/\/bravitutti.net\/bravituttitabu\/wp-json\/wp\/v2\/pages\/342\/revisions"}],"predecessor-version":[{"id":352,"href":"https:\/\/bravitutti.net\/bravituttitabu\/wp-json\/wp\/v2\/pages\/342\/revisions\/352"}],"wp:attachment":[{"href":"https:\/\/bravitutti.net\/bravituttitabu\/wp-json\/wp\/v2\/media?parent=342"}],"curies":[{"name":"wp","href":"https:\/\/api.w.org\/{rel}","templated":true}]}}