{"id":289,"date":"2023-09-19T10:42:06","date_gmt":"2023-09-19T08:42:06","guid":{"rendered":"https:\/\/bravitutti.net\/bravituttitabu\/?page_id=289"},"modified":"2023-09-19T11:08:44","modified_gmt":"2023-09-19T09:08:44","slug":"casa-scout-don-titino","status":"publish","type":"page","link":"https:\/\/bravitutti.net\/bravituttitabu\/casa-scout-don-titino\/","title":{"rendered":"Casa scout Don Titino"},"content":{"rendered":"<p>[vc_row css_animation=&#8221;&#8221; row_type=&#8221;row&#8221; use_row_as_full_screen_section=&#8221;no&#8221; type=&#8221;full_width&#8221; angled_section=&#8221;no&#8221; text_align=&#8221;left&#8221; background_image_as_pattern=&#8221;without_pattern&#8221;][vc_column][vc_gmaps link=&#8221;#E-8_JTNDaWZyYW1lJTIwc3JjJTNEJTIyaHR0cHMlM0ElMkYlMkZ3d3cuZ29vZ2xlLmNvbSUyRm1hcHMlMkZlbWJlZCUzRnBiJTNEJTIxMW0xNCUyMTFtOCUyMTFtMyUyMTFkOTM1NS45MDM5ODY3OTE1NjclMjEyZDkuMDY3MzI1OTA2OTQ4NjYyJTIxM2Q0NS44MDA3MDUxNDE2OTEzOSUyMTNtMiUyMTFpMTAyNCUyMTJpNzY4JTIxNGYxMy4xJTIxM20zJTIxMW0yJTIxMXMweDQ3ODY5YzQ2ZjBkZGY1MjElMjUzQTB4YmI5MjhiODlkZTg4NzQyZSUyMTJzQ2FzYSUyNTIwU2NvdXQlMjUyMCUyNTIyRG9uJTI1MjBUaXRpbm8lMjUyMiUyNTIwLSUyNTIwQmFpdGElMjUyMEVsaXNhJTIxNWUwJTIxM20yJTIxMXNpdCUyMTJzaXQlMjE0djE2ODI1MDI0NTM0NTMlMjE1bTIlMjExc2l0JTIxMnNpdCUyMiUyMHdpZHRoJTNEJTIyNjAwJTIyJTIwaGVpZ2h0JTNEJTIyNDUwJTIyJTIwc3R5bGUlM0QlMjJib3JkZXIlM0EwJTNCJTIyJTIwYWxsb3dmdWxsc2NyZWVuJTNEJTIyJTIyJTIwbG9hZGluZyUzRCUyMmxhenklMjIlMjByZWZlcnJlcnBvbGljeSUzRCUyMm5vLXJlZmVycmVyLXdoZW4tZG93bmdyYWRlJTIyJTNFJTNDJTJGaWZyYW1lJTNF&#8221;][vc_empty_space]<div class=\"qode-advanced-image-gallery  qode-aig-grid-type qode-tiny-space   \">\n\t<div class=\"qode-aig-inner qode-outer-space qode-aig-grid qode-aig-four-columns\">\n\t\t\t\t\t<div class=\"qode-aig-image qode-item-space\">\n\t\t\t\t<div class=\"qode-aig-image-inner\">\n\t\t\t\t\t\t\t\t\t\t\t<img src=\"https:\/\/bravitutti.net\/bravituttitabu\/wp-content\/uploads\/sites\/5\/2023\/09\/casascout-300x200.jpg\" alt=\"\" width=\"300\" height=\"200\" \/>\t\t\t\t\t\t<span class=\"aig-gallery-hover\">\n\t\t\t\t\t\t\t\t\t\t\t\t\t<\/span>\n\t\t\t\t\t\t\t\t\t<\/div>\n\t\t\t<\/div>\n\t\t\t\t\t<div class=\"qode-aig-image qode-item-space\">\n\t\t\t\t<div class=\"qode-aig-image-inner\">\n\t\t\t\t\t\t\t\t\t\t\t<img src=\"https:\/\/bravitutti.net\/bravituttitabu\/wp-content\/uploads\/sites\/5\/2023\/09\/cerchio-1024x768-1-300x200.jpg\" alt=\"\" width=\"300\" height=\"200\" \/>\t\t\t\t\t\t<span class=\"aig-gallery-hover\">\n\t\t\t\t\t\t\t\t\t\t\t\t\t<\/span>\n\t\t\t\t\t\t\t\t\t<\/div>\n\t\t\t<\/div>\n\t\t\t\t\t<div class=\"qode-aig-image qode-item-space\">\n\t\t\t\t<div class=\"qode-aig-image-inner\">\n\t\t\t\t\t\t\t\t\t\t\t<img src=\"https:\/\/bravitutti.net\/bravituttitabu\/wp-content\/uploads\/sites\/5\/2023\/09\/cucina3-300x200.jpg\" alt=\"\" width=\"300\" height=\"200\" \/>\t\t\t\t\t\t<span class=\"aig-gallery-hover\">\n\t\t\t\t\t\t\t\t\t\t\t\t\t<\/span>\n\t\t\t\t\t\t\t\t\t<\/div>\n\t\t\t<\/div>\n\t\t\t\t\t<div class=\"qode-aig-image qode-item-space\">\n\t\t\t\t<div class=\"qode-aig-image-inner\">\n\t\t\t\t\t\t\t\t\t\t\t<img src=\"https:\/\/bravitutti.net\/bravituttitabu\/wp-content\/uploads\/sites\/5\/2023\/09\/salone-300x200.jpg\" alt=\"\" width=\"300\" height=\"200\" \/>\t\t\t\t\t\t<span class=\"aig-gallery-hover\">\n\t\t\t\t\t\t\t\t\t\t\t\t\t<\/span>\n\t\t\t\t\t\t\t\t\t<\/div>\n\t\t\t<\/div>\n\t\t\t<\/div>\n<\/div>[vc_column_text]Un atelier fornito di chiodi, pinze, corde, tempere, colle, stoffe sar\u00e0 a disposizione dei ragazzi per costruire e creare mentre un ambiente immerso nel verde li accoglier\u00e0 per dare spazio alla riflessione e all&#8217;espressivit\u00e0.<\/p>\n<p>I nostri ospiti saranno come sempre coinvolti, in piccoli gruppi, nelle attivit\u00e0 di servizio per mantenere lo spazio comune ordinato e pulito. La cucina in particolare sar\u00e0 un luogo di grande sperimentazione.[\/vc_column_text][vc_empty_space]<div class=\"qode-advanced-image-gallery  qode-aig-grid-type qode-tiny-space   \">\n\t<div class=\"qode-aig-inner qode-outer-space qode-aig-grid qode-aig-four-columns\">\n\t\t\t\t\t<div class=\"qode-aig-image qode-item-space\">\n\t\t\t\t<div class=\"qode-aig-image-inner\">\n\t\t\t\t\t\t\t\t\t\t\t<img src=\"https:\/\/bravitutti.net\/bravituttitabu\/wp-content\/uploads\/sites\/5\/2023\/09\/bagni1-001-300x200.jpg\" alt=\"\" width=\"300\" height=\"200\" \/>\t\t\t\t\t\t<span class=\"aig-gallery-hover\">\n\t\t\t\t\t\t\t\t\t\t\t\t\t<\/span>\n\t\t\t\t\t\t\t\t\t<\/div>\n\t\t\t<\/div>\n\t\t\t\t\t<div class=\"qode-aig-image qode-item-space\">\n\t\t\t\t<div class=\"qode-aig-image-inner\">\n\t\t\t\t\t\t\t\t\t\t\t<img src=\"https:\/\/bravitutti.net\/bravituttitabu\/wp-content\/uploads\/sites\/5\/2023\/09\/camera-castello-300x200.jpg\" alt=\"\" width=\"300\" height=\"200\" \/>\t\t\t\t\t\t<span class=\"aig-gallery-hover\">\n\t\t\t\t\t\t\t\t\t\t\t\t\t<\/span>\n\t\t\t\t\t\t\t\t\t<\/div>\n\t\t\t<\/div>\n\t\t\t\t\t<div class=\"qode-aig-image qode-item-space\">\n\t\t\t\t<div class=\"qode-aig-image-inner\">\n\t\t\t\t\t\t\t\t\t\t\t<img src=\"https:\/\/bravitutti.net\/bravituttitabu\/wp-content\/uploads\/sites\/5\/2023\/09\/camera-grande-300x200.jpg\" alt=\"\" width=\"300\" height=\"200\" \/>\t\t\t\t\t\t<span class=\"aig-gallery-hover\">\n\t\t\t\t\t\t\t\t\t\t\t\t\t<\/span>\n\t\t\t\t\t\t\t\t\t<\/div>\n\t\t\t<\/div>\n\t\t\t\t\t<div class=\"qode-aig-image qode-item-space\">\n\t\t\t\t<div class=\"qode-aig-image-inner\">\n\t\t\t\t\t\t\t\t\t\t\t<img src=\"https:\/\/bravitutti.net\/bravituttitabu\/wp-content\/uploads\/sites\/5\/2023\/09\/saletta-300x200.jpg\" alt=\"\" width=\"300\" height=\"200\" \/>\t\t\t\t\t\t<span class=\"aig-gallery-hover\">\n\t\t\t\t\t\t\t\t\t\t\t\t\t<\/span>\n\t\t\t\t\t\t\t\t\t<\/div>\n\t\t\t<\/div>\n\t\t\t<\/div>\n<\/div>[\/vc_column][\/vc_row][vc_row css_animation=&#8221;&#8221; row_type=&#8221;row&#8221; use_row_as_full_screen_section=&#8221;no&#8221; type=&#8221;full_width&#8221; angled_section=&#8221;no&#8221; text_align=&#8221;left&#8221; background_image_as_pattern=&#8221;without_pattern&#8221;][vc_column width=&#8221;1\/2&#8243;][vc_column_text]<\/p>\n<h3 class=\"titoloCampus\">Cosa Portare<\/h3>\n<div>\n<p>L\u2019abbigliamento deve essere pratico e comodo, considerando che:<br \/>\n\u2013 le temperature variano dal giorno alla notte (nella baita ci sono a disposizione delle coperte)<br \/>\n\u2013 l\u2019equipaggiamento deve essere trasportato a piedi fino alla casa scout Don Titino, circa 40 minuti di cammino (consigliamo l\u2019utilizzo di uno zaino di peso non superiore ai 10\/12 Kg)<\/p>\n<\/div>\n<p>[\/vc_column_text][\/vc_column][vc_column width=&#8221;1\/2&#8243;][vc_column_text]<\/p>\n<h3 class=\"titoloCampus\">Cosa Non Portare<\/h3>\n<p>Oggetti preziosi<br \/>\nVideogiochi<br \/>\nSoldi[\/vc_column_text][\/vc_column][\/vc_row][vc_row css_animation=&#8221;&#8221; row_type=&#8221;row&#8221; use_row_as_full_screen_section=&#8221;no&#8221; type=&#8221;full_width&#8221; angled_section=&#8221;no&#8221; text_align=&#8221;left&#8221; background_image_as_pattern=&#8221;without_pattern&#8221;][vc_column][vc_column_text]<\/p>\n<h3 class=\"titoloCampus\">Materiale Necessario<\/h3>\n<p>Sacco a pelo (o lenzuolo), lenzuolo coprimaterasso e federa del cuscino<br \/>\nBorraccia<br \/>\nCappellino<br \/>\nGiacca a vento (tipo k-way)<br \/>\nAlmeno un cambio di vestiti completo<\/p>\n<p>Asciugamano e accappatoio<br \/>\nCiabatte<br \/>\nBeauty (spazzolino, dentifricio, fazzoletti carta, doccia schiuma \u2026)<br \/>\nUna torcia[\/vc_column_text][\/vc_column][\/vc_row][vc_row css_animation=&#8221;&#8221; row_type=&#8221;row&#8221; use_row_as_full_screen_section=&#8221;no&#8221; type=&#8221;full_width&#8221; angled_section=&#8221;no&#8221; text_align=&#8221;left&#8221; background_image_as_pattern=&#8221;without_pattern&#8221;][vc_column][vc_column_text]<\/p>\n<h3 class=\"titoloCampus\">Come Arrivare e Tornare<\/h3>\n<p>&nbsp;<\/p>\n<h4>Arrivo:<\/h4>\n<p>ritrovo sabato 14 ottobre, ore 9.45, Stazione <a href=\"https:\/\/www.google.com\/maps\/place\/Como+Camerlata\/@45.7845466,9.0794868,17z\/data=!3m1!4b1!4m6!3m5!1s0x47869c13a13a55b3:0xcaf4ccf6c3fe2d70!8m2!3d45.7845466!4d9.0794868!16s%2Fg%2F122vlfxn?entry=ttu\" data-saferedirecturl=\"https:\/\/www.google.com\/url?q=https:\/\/www.google.com\/maps\/place\/Como%2BCamerlata\/@45.7845466,9.0794868,17z\/data%3D!3m1!4b1!4m6!3m5!1s0x47869c13a13a55b3:0xcaf4ccf6c3fe2d70!8m2!3d45.7845466!4d9.0794868!16s%252Fg%252F122vlfxn?entry%3Dttu&amp;source=gmail&amp;ust=1695194890684000&amp;usg=AOvVaw0dfPFm84wGZhmgQ-gIdihj\">Como Nord\/Camerlata<\/a>\u00a0(possibilit\u00e0 di partire in treno da Milano con un accompagnatore con ritrovo in\u00a0<a href=\"https:\/\/www.google.com\/maps\/place\/P.za+Sigmund+Freud,+20124+Milano+MI\/@45.4842524,9.1852074,17z\/data=!3m1!4b1!4m6!3m5!1s0x4786c132fd700fcd:0x8f41e07f61b920eb!8m2!3d45.4842487!4d9.1877823!16s%2Fg%2F1tdfm44j?entry=ttu\" data-saferedirecturl=\"https:\/\/www.google.com\/url?q=https:\/\/www.google.com\/maps\/place\/P.za%2BSigmund%2BFreud,%2B20124%2BMilano%2BMI\/@45.4842524,9.1852074,17z\/data%3D!3m1!4b1!4m6!3m5!1s0x4786c132fd700fcd:0x8f41e07f61b920eb!8m2!3d45.4842487!4d9.1877823!16s%252Fg%252F1tdfm44j?entry%3Dttu&amp;source=gmail&amp;ust=1695194890684000&amp;usg=AOvVaw1hzSLDJ1IiC37kwkT2NTLj\">Stazione Garibaldi<\/a>\u00a0alle ore 8). Dalla stazione di Como i ragazzi saliranno insieme agli educatori alla casa scout Don Titino (circa 40 minuti di cammino)!<\/p>\n<h4>Ritorno:<\/h4>\n<p>ritrovo domenica 15 ottobre, ore 17, <a href=\"https:\/\/www.google.com\/maps\/place\/Como+Camerlata\/@45.7845466,9.0794868,17z\/data=!3m1!4b1!4m6!3m5!1s0x47869c13a13a55b3:0xcaf4ccf6c3fe2d70!8m2!3d45.7845466!4d9.0794868!16s%2Fg%2F122vlfxn?entry=ttu\" data-saferedirecturl=\"https:\/\/www.google.com\/url?q=https:\/\/www.google.com\/maps\/place\/Como%2BCamerlata\/@45.7845466,9.0794868,17z\/data%3D!3m1!4b1!4m6!3m5!1s0x47869c13a13a55b3:0xcaf4ccf6c3fe2d70!8m2!3d45.7845466!4d9.0794868!16s%252Fg%252F122vlfxn?entry%3Dttu&amp;source=gmail&amp;ust=1695194890684000&amp;usg=AOvVaw0dfPFm84wGZhmgQ-gIdihj\">Stazione Como Nord\/Camerlata<\/a>\u00a0(possibilit\u00e0 di rientrare a Milano in treno con un accompagnatore, arrivo previsto in Stazione Garibaldi alle ore 18.30)[\/vc_column_text][vc_empty_space]<a  itemprop=\"url\" href=\"https:\/\/bravitutti.net\/bravituttitabu\/iscrizione\/\" target=\"_self\"  class=\"qbutton  big_large_full_width default\" style=\"\">EFFETTUA ISCRIZIONE<\/a>[\/vc_column][\/vc_row]<\/p>\n","protected":false},"excerpt":{"rendered":"<p>[vc_row css_animation=&#8221;&#8221; row_type=&#8221;row&#8221; use_row_as_full_screen_section=&#8221;no&#8221; type=&#8221;full_width&#8221; angled_section=&#8221;no&#8221; text_align=&#8221;left&#8221; background_image_as_pattern=&#8221;without_pattern&#8221;][vc_column][vc_gmaps link=&#8221;#E-8_JTNDaWZyYW1lJTIwc3JjJTNEJTIyaHR0cHMlM0ElMkYlMkZ3d3cuZ29vZ2xlLmNvbSUyRm1hcHMlMkZlbWJlZCUzRnBiJTNEJTIxMW0xNCUyMTFtOCUyMTFtMyUyMTFkOTM1NS45MDM5ODY3OTE1NjclMjEyZDkuMDY3MzI1OTA2OTQ4NjYyJTIxM2Q0NS44MDA3MDUxNDE2OTEzOSUyMTNtMiUyMTFpMTAyNCUyMTJpNzY4JTIxNGYxMy4xJTIxM20zJTIxMW0yJTIxMXMweDQ3ODY5YzQ2ZjBkZGY1MjElMjUzQTB4YmI5MjhiODlkZTg4NzQyZSUyMTJzQ2FzYSUyNTIwU2NvdXQlMjUyMCUyNTIyRG9uJTI1MjBUaXRpbm8lMjUyMiUyNTIwLSUyNTIwQmFpdGElMjUyMEVsaXNhJTIxNWUwJTIxM20yJTIxMXNpdCUyMTJzaXQlMjE0djE2ODI1MDI0NTM0NTMlMjE1bTIlMjExc2l0JTIxMnNpdCUyMiUyMHdpZHRoJTNEJTIyNjAwJTIyJTIwaGVpZ2h0JTNEJTIyNDUwJTIyJTIwc3R5bGUlM0QlMjJib3JkZXIlM0EwJTNCJTIyJTIwYWxsb3dmdWxsc2NyZWVuJTNEJTIyJTIyJTIwbG9hZGluZyUzRCUyMmxhenklMjIlMjByZWZlcnJlcnBvbGljeSUzRCUyMm5vLXJlZmVycmVyLXdoZW4tZG93bmdyYWRlJTIyJTNFJTNDJTJGaWZyYW1lJTNF&#8221;][vc_empty_space][vc_column_text]Un atelier fornito di chiodi, pinze, corde, tempere, colle, stoffe sar\u00e0 a disposizione dei ragazzi per costruire e creare mentre un ambiente immerso nel verde li accoglier\u00e0 per dare spazio alla riflessione e all&#8217;espressivit\u00e0. I nostri ospiti&#8230;<\/p>\n","protected":false},"author":9,"featured_media":0,"parent":0,"menu_order":0,"comment_status":"closed","ping_status":"closed","template":"","meta":[],"acf":[],"yoast_head":"<!-- This site is optimized with the Yoast SEO plugin v19.6.1 - https:\/\/yoast.com\/wordpress\/plugins\/seo\/ -->\n<title>Casa scout Don Titino - Bravituttitab\u00f9<\/title>\n<meta name=\"robots\" content=\"index, follow, max-snippet:-1, max-image-preview:large, max-video-preview:-1\" \/>\n<link rel=\"canonical\" href=\"https:\/\/bravitutti.net\/bravituttitabu\/casa-scout-don-titino\/\" \/>\n<meta property=\"og:locale\" content=\"it_IT\" \/>\n<meta property=\"og:type\" content=\"article\" \/>\n<meta property=\"og:title\" content=\"Casa scout Don Titino - Bravituttitab\u00f9\" \/>\n<meta property=\"og:description\" content=\"[vc_row css_animation=&#8221;&#8221; row_type=&#8221;row&#8221; use_row_as_full_screen_section=&#8221;no&#8221; type=&#8221;full_width&#8221; angled_section=&#8221;no&#8221; text_align=&#8221;left&#8221; background_image_as_pattern=&#8221;without_pattern&#8221;][vc_column][vc_gmaps link=&#8221;#E-8_JTNDaWZyYW1lJTIwc3JjJTNEJTIyaHR0cHMlM0ElMkYlMkZ3d3cuZ29vZ2xlLmNvbSUyRm1hcHMlMkZlbWJlZCUzRnBiJTNEJTIxMW0xNCUyMTFtOCUyMTFtMyUyMTFkOTM1NS45MDM5ODY3OTE1NjclMjEyZDkuMDY3MzI1OTA2OTQ4NjYyJTIxM2Q0NS44MDA3MDUxNDE2OTEzOSUyMTNtMiUyMTFpMTAyNCUyMTJpNzY4JTIxNGYxMy4xJTIxM20zJTIxMW0yJTIxMXMweDQ3ODY5YzQ2ZjBkZGY1MjElMjUzQTB4YmI5MjhiODlkZTg4NzQyZSUyMTJzQ2FzYSUyNTIwU2NvdXQlMjUyMCUyNTIyRG9uJTI1MjBUaXRpbm8lMjUyMiUyNTIwLSUyNTIwQmFpdGElMjUyMEVsaXNhJTIxNWUwJTIxM20yJTIxMXNpdCUyMTJzaXQlMjE0djE2ODI1MDI0NTM0NTMlMjE1bTIlMjExc2l0JTIxMnNpdCUyMiUyMHdpZHRoJTNEJTIyNjAwJTIyJTIwaGVpZ2h0JTNEJTIyNDUwJTIyJTIwc3R5bGUlM0QlMjJib3JkZXIlM0EwJTNCJTIyJTIwYWxsb3dmdWxsc2NyZWVuJTNEJTIyJTIyJTIwbG9hZGluZyUzRCUyMmxhenklMjIlMjByZWZlcnJlcnBvbGljeSUzRCUyMm5vLXJlZmVycmVyLXdoZW4tZG93bmdyYWRlJTIyJTNFJTNDJTJGaWZyYW1lJTNF&#8221;][vc_empty_space][vc_column_text]Un atelier fornito di chiodi, pinze, corde, tempere, colle, stoffe sar\u00e0 a disposizione dei ragazzi per costruire e creare mentre un ambiente immerso nel verde li accoglier\u00e0 per dare spazio alla riflessione e all&#8217;espressivit\u00e0. I nostri ospiti...\" \/>\n<meta property=\"og:url\" content=\"https:\/\/bravitutti.net\/bravituttitabu\/casa-scout-don-titino\/\" \/>\n<meta property=\"og:site_name\" content=\"Bravituttitab\u00f9\" \/>\n<meta property=\"article:modified_time\" content=\"2023-09-19T09:08:44+00:00\" \/>\n<meta name=\"twitter:card\" content=\"summary_large_image\" \/>\n<meta name=\"twitter:label1\" content=\"Tempo di lettura stimato\" \/>\n\t<meta name=\"twitter:data1\" content=\"2 minuti\" \/>\n<script type=\"application\/ld+json\" class=\"yoast-schema-graph\">{\"@context\":\"https:\/\/schema.org\",\"@graph\":[{\"@type\":\"WebPage\",\"@id\":\"https:\/\/bravitutti.net\/bravituttitabu\/casa-scout-don-titino\/\",\"url\":\"https:\/\/bravitutti.net\/bravituttitabu\/casa-scout-don-titino\/\",\"name\":\"Casa scout Don Titino - Bravituttitab\u00f9\",\"isPartOf\":{\"@id\":\"https:\/\/bravitutti.net\/bravituttitabu\/#website\"},\"datePublished\":\"2023-09-19T08:42:06+00:00\",\"dateModified\":\"2023-09-19T09:08:44+00:00\",\"breadcrumb\":{\"@id\":\"https:\/\/bravitutti.net\/bravituttitabu\/casa-scout-don-titino\/#breadcrumb\"},\"inLanguage\":\"it-IT\",\"potentialAction\":[{\"@type\":\"ReadAction\",\"target\":[\"https:\/\/bravitutti.net\/bravituttitabu\/casa-scout-don-titino\/\"]}]},{\"@type\":\"BreadcrumbList\",\"@id\":\"https:\/\/bravitutti.net\/bravituttitabu\/casa-scout-don-titino\/#breadcrumb\",\"itemListElement\":[{\"@type\":\"ListItem\",\"position\":1,\"name\":\"Home\",\"item\":\"https:\/\/bravitutti.net\/bravituttitabu\/\"},{\"@type\":\"ListItem\",\"position\":2,\"name\":\"Casa scout Don Titino\"}]},{\"@type\":\"WebSite\",\"@id\":\"https:\/\/bravitutti.net\/bravituttitabu\/#website\",\"url\":\"https:\/\/bravitutti.net\/bravituttitabu\/\",\"name\":\"Bravituttitab\u00f9\",\"description\":\"Ecco un altro sito Bravitutti siti\",\"potentialAction\":[{\"@type\":\"SearchAction\",\"target\":{\"@type\":\"EntryPoint\",\"urlTemplate\":\"https:\/\/bravitutti.net\/bravituttitabu\/?s={search_term_string}\"},\"query-input\":\"required name=search_term_string\"}],\"inLanguage\":\"it-IT\"}]}<\/script>\n<!-- \/ Yoast SEO plugin. -->","yoast_head_json":{"title":"Casa scout Don Titino - Bravituttitab\u00f9","robots":{"index":"index","follow":"follow","max-snippet":"max-snippet:-1","max-image-preview":"max-image-preview:large","max-video-preview":"max-video-preview:-1"},"canonical":"https:\/\/bravitutti.net\/bravituttitabu\/casa-scout-don-titino\/","og_locale":"it_IT","og_type":"article","og_title":"Casa scout Don Titino - Bravituttitab\u00f9","og_description":"[vc_row css_animation=&#8221;&#8221; row_type=&#8221;row&#8221; use_row_as_full_screen_section=&#8221;no&#8221; type=&#8221;full_width&#8221; angled_section=&#8221;no&#8221; text_align=&#8221;left&#8221; background_image_as_pattern=&#8221;without_pattern&#8221;][vc_column][vc_gmaps link=&#8221;#E-8_JTNDaWZyYW1lJTIwc3JjJTNEJTIyaHR0cHMlM0ElMkYlMkZ3d3cuZ29vZ2xlLmNvbSUyRm1hcHMlMkZlbWJlZCUzRnBiJTNEJTIxMW0xNCUyMTFtOCUyMTFtMyUyMTFkOTM1NS45MDM5ODY3OTE1NjclMjEyZDkuMDY3MzI1OTA2OTQ4NjYyJTIxM2Q0NS44MDA3MDUxNDE2OTEzOSUyMTNtMiUyMTFpMTAyNCUyMTJpNzY4JTIxNGYxMy4xJTIxM20zJTIxMW0yJTIxMXMweDQ3ODY5YzQ2ZjBkZGY1MjElMjUzQTB4YmI5MjhiODlkZTg4NzQyZSUyMTJzQ2FzYSUyNTIwU2NvdXQlMjUyMCUyNTIyRG9uJTI1MjBUaXRpbm8lMjUyMiUyNTIwLSUyNTIwQmFpdGElMjUyMEVsaXNhJTIxNWUwJTIxM20yJTIxMXNpdCUyMTJzaXQlMjE0djE2ODI1MDI0NTM0NTMlMjE1bTIlMjExc2l0JTIxMnNpdCUyMiUyMHdpZHRoJTNEJTIyNjAwJTIyJTIwaGVpZ2h0JTNEJTIyNDUwJTIyJTIwc3R5bGUlM0QlMjJib3JkZXIlM0EwJTNCJTIyJTIwYWxsb3dmdWxsc2NyZWVuJTNEJTIyJTIyJTIwbG9hZGluZyUzRCUyMmxhenklMjIlMjByZWZlcnJlcnBvbGljeSUzRCUyMm5vLXJlZmVycmVyLXdoZW4tZG93bmdyYWRlJTIyJTNFJTNDJTJGaWZyYW1lJTNF&#8221;][vc_empty_space][vc_column_text]Un atelier fornito di chiodi, pinze, corde, tempere, colle, stoffe sar\u00e0 a disposizione dei ragazzi per costruire e creare mentre un ambiente immerso nel verde li accoglier\u00e0 per dare spazio alla riflessione e all&#8217;espressivit\u00e0. I nostri ospiti...","og_url":"https:\/\/bravitutti.net\/bravituttitabu\/casa-scout-don-titino\/","og_site_name":"Bravituttitab\u00f9","article_modified_time":"2023-09-19T09:08:44+00:00","twitter_card":"summary_large_image","twitter_misc":{"Tempo di lettura stimato":"2 minuti"},"schema":{"@context":"https:\/\/schema.org","@graph":[{"@type":"WebPage","@id":"https:\/\/bravitutti.net\/bravituttitabu\/casa-scout-don-titino\/","url":"https:\/\/bravitutti.net\/bravituttitabu\/casa-scout-don-titino\/","name":"Casa scout Don Titino - Bravituttitab\u00f9","isPartOf":{"@id":"https:\/\/bravitutti.net\/bravituttitabu\/#website"},"datePublished":"2023-09-19T08:42:06+00:00","dateModified":"2023-09-19T09:08:44+00:00","breadcrumb":{"@id":"https:\/\/bravitutti.net\/bravituttitabu\/casa-scout-don-titino\/#breadcrumb"},"inLanguage":"it-IT","potentialAction":[{"@type":"ReadAction","target":["https:\/\/bravitutti.net\/bravituttitabu\/casa-scout-don-titino\/"]}]},{"@type":"BreadcrumbList","@id":"https:\/\/bravitutti.net\/bravituttitabu\/casa-scout-don-titino\/#breadcrumb","itemListElement":[{"@type":"ListItem","position":1,"name":"Home","item":"https:\/\/bravitutti.net\/bravituttitabu\/"},{"@type":"ListItem","position":2,"name":"Casa scout Don Titino"}]},{"@type":"WebSite","@id":"https:\/\/bravitutti.net\/bravituttitabu\/#website","url":"https:\/\/bravitutti.net\/bravituttitabu\/","name":"Bravituttitab\u00f9","description":"Ecco un altro sito Bravitutti siti","potentialAction":[{"@type":"SearchAction","target":{"@type":"EntryPoint","urlTemplate":"https:\/\/bravitutti.net\/bravituttitabu\/?s={search_term_string}"},"query-input":"required name=search_term_string"}],"inLanguage":"it-IT"}]}},"_links":{"self":[{"href":"https:\/\/bravitutti.net\/bravituttitabu\/wp-json\/wp\/v2\/pages\/289"}],"collection":[{"href":"https:\/\/bravitutti.net\/bravituttitabu\/wp-json\/wp\/v2\/pages"}],"about":[{"href":"https:\/\/bravitutti.net\/bravituttitabu\/wp-json\/wp\/v2\/types\/page"}],"author":[{"embeddable":true,"href":"https:\/\/bravitutti.net\/bravituttitabu\/wp-json\/wp\/v2\/users\/9"}],"replies":[{"embeddable":true,"href":"https:\/\/bravitutti.net\/bravituttitabu\/wp-json\/wp\/v2\/comments?post=289"}],"version-history":[{"count":9,"href":"https:\/\/bravitutti.net\/bravituttitabu\/wp-json\/wp\/v2\/pages\/289\/revisions"}],"predecessor-version":[{"id":300,"href":"https:\/\/bravitutti.net\/bravituttitabu\/wp-json\/wp\/v2\/pages\/289\/revisions\/300"}],"wp:attachment":[{"href":"https:\/\/bravitutti.net\/bravituttitabu\/wp-json\/wp\/v2\/media?parent=289"}],"curies":[{"name":"wp","href":"https:\/\/api.w.org\/{rel}","templated":true}]}}