{"id":221,"date":"2022-10-21T11:00:39","date_gmt":"2022-10-21T09:00:39","guid":{"rendered":"https:\/\/bravitutti.net\/bravituttitabu\/?page_id=221"},"modified":"2023-09-20T13:01:51","modified_gmt":"2023-09-20T11:01:51","slug":"iscrizione","status":"publish","type":"page","link":"https:\/\/bravitutti.net\/bravituttitabu\/iscrizione\/","title":{"rendered":"Iscrizione"},"content":{"rendered":"<p>[vc_row css_animation=&#8221;&#8221; row_type=&#8221;row&#8221; use_row_as_full_screen_section=&#8221;no&#8221; type=&#8221;grid&#8221; angled_section=&#8221;no&#8221; text_align=&#8221;left&#8221; background_image_as_pattern=&#8221;without_pattern&#8221; z_index=&#8221;&#8221; el_class=&#8221;bgGrigio&#8221;][vc_column]<a  itemprop=\"url\" href=\" https:\/\/bravitutti.net\/bravituttitabu\/regolamento\/\" target=\"_blank\"  class=\"qbutton  big_large default\" style=\"\">Leggi il regolamento<\/a>[vc_empty_space][vc_column_text]<form  class=\"kaliforms-form-container bootstrap-wrapper  \" data-form-id=\"197\" style=\"opacity:0\"><h3>Modulo di iscrizione<\/h3><div id=\"kaliforms-global-error-message-197\" class=\"global-error-message\"><\/div><div class=\"row kali-form-field-row\"><div class=\"col-12 col-md-12 \"><span  data-internal-id=\"freetext9\" type=\"freeText\" id=\"freeText9\" name=\"freeText\">Dati del genitore o di chi esercita la patria potest\u00e0 sul minore (dati per la fatturazione)<\/span><\/div><\/div><div class=\"row kali-form-field-row\"><div class=\"col-12 col-md-6 \"><label  for=\"first-name\">Nome <span class=\"kali-required-mark\">*<\/span><\/label><input  data-internal-id=\"textbox2\" type=\"text\" id=\"first-name\" name=\"nome\" data-properties.type=\"text\" required ><\/div><div class=\"col-12 col-md-6 \"><label  for=\"textbox8\">Cognome <span class=\"kali-required-mark\">*<\/span><\/label><input  data-internal-id=\"textbox8\" type=\"text\" id=\"textbox8\" name=\"cognome\" data-properties.type=\"text\" required ><\/div><\/div><div class=\"row kali-form-field-row\"><div class=\"col-12 col-md-8 \"><label  for=\"textbox10\">Luogo di Nascita <span class=\"kali-required-mark\">*<\/span><\/label><input  data-internal-id=\"textbox10\" type=\"text\" id=\"textbox10\" name=\"luogonascita\" data-properties.type=\"text\" required ><\/div><div class=\"col-12 col-md-4 \"><label  for=\"date12\">Data di Nascita <span class=\"kali-required-mark\">*<\/span><\/label><input data-internal-id=\"date12\" type=\"date\" id=\"date12\" name=\"datanascita\"required  class=\"input\"><\/div><\/div><div class=\"row kali-form-field-row\"><div class=\"col-12 col-md-12 \"><label  for=\"textbox13\">Indirizzo <span class=\"kali-required-mark\">*<\/span><\/label><input  data-internal-id=\"textbox13\" type=\"text\" id=\"textbox13\" name=\"indirizzo\" data-properties.type=\"text\" required ><\/div><\/div><div class=\"row kali-form-field-row\"><div class=\"col-12 col-md-3 \"><label  for=\"textbox14\">Cap <span class=\"kali-required-mark\">*<\/span><\/label><input  data-internal-id=\"textbox14\" type=\"text\" id=\"textbox14\" name=\"cap\" data-properties.type=\"text\" required ><\/div><div class=\"col-12 col-md-5 \"><label  for=\"textbox15\">Citt\u00e0 <span class=\"kali-required-mark\">*<\/span><\/label><input  data-internal-id=\"textbox15\" type=\"text\" id=\"textbox15\" name=\"citta\" data-properties.type=\"text\" required ><\/div><div class=\"col-12 col-md-4 \"><label  for=\"textbox11\">Provincia <span class=\"kali-required-mark\">*<\/span><\/label><input  data-internal-id=\"textbox11\" type=\"text\" id=\"textbox11\" name=\"provincia\" data-properties.type=\"text\" required ><\/div><\/div><div class=\"row kali-form-field-row\"><div class=\"col-12 col-md-6 \"><label  for=\"textbox16\">C.F. \/ P.IVA <span class=\"kali-required-mark\">*<\/span><\/label><input  data-internal-id=\"textbox16\" type=\"text\" id=\"textbox16\" name=\"cfpiva\" data-properties.type=\"text\" required ><\/div><div class=\"col-12 col-md-6 \"><label  for=\"email7\">Email <span class=\"kali-required-mark\">*<\/span><\/label><input  data-internal-id=\"email7\" type=\"email\" id=\"email7\" name=\"email\"required  class=\"input\"><\/div><\/div><div class=\"row kali-form-field-row\"><div class=\"col-12 col-md-6 \"><label  for=\"telephone17\">Cell. Genitore 1 <span class=\"kali-required-mark\">*<\/span><\/label><input  data-internal-id=\"telephone17\" type=\"tel\" id=\"telephone17\" name=\"cellmamma\"required  data-format=\"free\"  class=\"input\"><\/div><div class=\"col-12 col-md-6 \"><label  for=\"telephone18\">Cell. Genitore 2<\/label><input  data-internal-id=\"telephone18\" type=\"tel\" id=\"telephone18\" name=\"cellpapa\" data-format=\"free\"  class=\"input\"><\/div><\/div><div class=\"row kali-form-field-row\"><div class=\"col-12\"><label  for=\"divider19\">DESIDERO ISCRIVERE:<\/label><hr \/><\/div><\/div><div class=\"row kali-form-field-row\"><div class=\"col-12 col-md-6 \"><label  for=\"textbox21\">Nome <span class=\"kali-required-mark\">*<\/span><\/label><input  data-internal-id=\"textbox21\" type=\"text\" id=\"textbox21\" name=\"nomefiglio\" data-properties.type=\"text\" required ><\/div><div class=\"col-12 col-md-6 \"><label  for=\"textbox22\">Cognome <span class=\"kali-required-mark\">*<\/span><\/label><input  data-internal-id=\"textbox22\" type=\"text\" id=\"textbox22\" name=\"cognomefiglio\" data-properties.type=\"text\" required ><\/div><\/div><div class=\"row kali-form-field-row\"><div class=\"col-12 col-md-4 \"><label  for=\"textbox23\">Luogo di Nascita <span class=\"kali-required-mark\">*<\/span><\/label><input  data-internal-id=\"textbox23\" type=\"text\" id=\"textbox23\" name=\"luogonascitafiglio\" data-properties.type=\"text\" required ><\/div><div class=\"col-12 col-md-4 \"><label  for=\"date24\">Data di Nascita <span class=\"kali-required-mark\">*<\/span><\/label><input data-internal-id=\"date24\" type=\"date\" id=\"date24\" name=\"datanascitafiglio\"required  class=\"input\"><\/div><div class=\"col-12 col-md-4 \"><label  for=\"textbox25\">C.F. <span class=\"kali-required-mark\">*<\/span><\/label><input  data-internal-id=\"textbox25\" type=\"text\" id=\"textbox25\" name=\"cffiglio\" data-properties.type=\"text\" required ><\/div><\/div><div class=\"row kali-form-field-row\"><div class=\"col-12\"><label  for=\"divider28\">EVENTUALI SEGNALAZIONI<\/label><hr \/><\/div><\/div><div class=\"row kali-form-field-row\"><div class=\"col-12 col-md-6 \"><label  for=\"textarea33\">Elenco Allergeni<\/label><textarea  data-internal-id=\"textarea33\" type=\"textarea\" id=\"textarea33\" name=\"Elenco Allergeni\" rows=\"5\" class=\"input\"><\/textarea><\/div><div class=\"col-12 col-md-6 \"><label  for=\"textarea343536\">Cibi da evitare \/ Intolleranze Alimentari<\/label><textarea  data-internal-id=\"textarea36\" type=\"textarea\" id=\"textarea343536\" name=\"Cibi da evitare \/ intolleranze Alimentari\" rows=\"5\" class=\"input\"><\/textarea><\/div><\/div><div class=\"row kali-form-field-row\"><div class=\"col-12 col-md-6 \"><label  for=\"textarea3435\">Altre Segnalazioni (medicinali\/cure...)<\/label><textarea  data-internal-id=\"textarea35\" type=\"textarea\" id=\"textarea3435\" name=\"textarea7\" rows=\"5\" class=\"input\"><\/textarea><\/div><div class=\"col-12 col-md-6 \"><label  for=\"textarea34\">Rischio Shock Anafilattico: indicare somministrazione farmaci \/ procedure da seguire<\/label><textarea  data-internal-id=\"textarea34\" type=\"textarea\" id=\"textarea34\" name=\"textarea52\" rows=\"5\" class=\"input\"><\/textarea><\/div><\/div><div class=\"row kali-form-field-row\"><div class=\"col-12\"><label  for=\"divider3939\">AL SEGUENTE INCONTRO DI FORMAZIONE<\/label><hr \/><\/div><\/div><div class=\"row kali-form-field-row\"><div class=\"col-12 col-md-12 \"><label  for=\"dropdown27\">Scegli la Data <span class=\"kali-required-mark\">*<\/span><\/label><select  data-internal-id=\"dropdown27\" type=\"dropdown\" id=\"dropdown27\" name=\"datacampoestivo\"required  class=\"input\"><option value=\"14-15 Ottobre\" >14-15 Ottobre<\/option><\/select><\/div><\/div><div class=\"row kali-form-field-row\"><div class=\"col-12 col-md-12 \"><label class=\"checkbox-label\"><input  data-internal-id=\"termsandconditions29\" type=\"checkbox\" id=\"termsAndConditions29\" name=\"termsAndConditions\" data-termsType=\"url\"  required value=\"yes\" \/><span style=\"position:relative;bottom:3px\"><span class=\"kali-required-mark\">*<\/span> <a href=\"\" target=\"_blank\">Autorizzo<\/a><\/span><\/label><small>Ai sensi del D.Leg. 196\/03 si comunica che i dati raccolti sono finalizzati all&#039;espletamento di obblighi di legge. Si evidenzia che il trattamento dei dati relativi a queste finalit\u00e0 \u00e8 obbligatorio ed essenziale; l&#039;eventuale non comunicazione dei detti dati ha come conseguenza l&#039;impossibilit\u00e0 di garantire l&#039;iscrizione stessa al soggiorno.<\/small><\/div><\/div><div class=\"row kali-form-field-row\"><div class=\"col-12 col-md-12 \"><label class=\"checkbox-label\"><input  data-internal-id=\"termsandconditions40\" type=\"checkbox\" id=\"termsAndConditions40\" name=\"termsAndConditions16\" data-termsType=\"url\"  required value=\"yes\" \/><span style=\"position:relative;bottom:3px\"><span class=\"kali-required-mark\">*<\/span> <a href=\"\" target=\"_blank\">Dichiaro:<\/a><\/span><\/label><small>che quanto sopra corrisponde al vero e sollevo gli operatori addetti a seguire i bambini da responsabilit\u00e0 derivanti da problematiche di salute conosciute, ma non dichiarate nel seguente modulo.<\/small><\/div><\/div><div class=\"row kali-form-field-row\"><div class=\"col-12 col-md-12 \"><label class=\"radio-label\" style=\"margin-bottom:15px;display:inline-block\">Materiale Fotografico <span class=\"kali-required-mark\">*<\/span><\/label><div class=\"row\"><span class=\"col-12 col-md-4\"><label class=\"radio-label\"><input  data-internal-id=\"radio30\" type=\"radio\" id=\"radio300\" name=\"materialefotografico\" data-flow=\"horizontal\" required  class=\"input\"  value=\"si\">S\u00ec<\/label><\/span><span class=\"col-12 col-md-4\"><label class=\"radio-label\"><input  data-internal-id=\"radio30\" type=\"radio\" id=\"radio301\" name=\"materialefotografico\" data-flow=\"horizontal\" required  class=\"input\"  value=\"no\">No<\/label><\/span><\/div><small>Autorizzo a ritrarre ed esporre materiale fotografico e video durante lo svolgimento del soggiorno e delle attivit\u00e0 (consenso ai sensi del R.D. n.633\/1941) a fini di informazione e pubblicazione sui nostri siti e pagine social.<\/small><\/div><\/div><div class=\"row kali-form-field-row\"><div class=\"col-12\"><hr \/><\/div><\/div><div class=\"row kali-form-field-row\"><div class=\"col-12 col-md-12 \"><span  data-internal-id=\"freetext44\" type=\"freeText\" id=\"freeText44\" name=\"freeText84\"><h5>Estremi per il bonifico<\/h5><\/span><\/div><\/div><div class=\"row kali-form-field-row\"><div class=\"col-12 col-md-12 \"><span  data-internal-id=\"freetext42\" type=\"freeText\" id=\"Estremi per il bonifico\" name=\"Estremi per il bonifico\"><p>Matteo Gilberti-\nBanca di Credito Cooperativo di Carate Brianza -\nfiliale : 20034 Giussano via Piola\n<br>\n\nIBAN : IT22R0844033150000000060714\n<br>\n (swift) CRCBIT22\n<\/p><\/span><\/div><\/div><div class=\"row kali-form-field-row\"><div class=\"col-12 col-md-5 \"><span  data-internal-id=\"product41\" type=\"product\" id=\"product41\" data-price=\"120.00\"  data-kali-form-type=\"product\" ><p>Iscrizione - <strong>120 EUR<\/strong><\/p><p><\/p><\/span><\/div><div class=\"col-12 col-md-6 offset-md-1\"><label  for=\"fileupload38\">Quietanza di pagamento avvenuto. Grandezza massima files 2 MB <span class=\"kali-required-mark\">*<\/span><\/label><div data-internal-id=\"fileupload38\"><input  data-internal-id=\"fileupload38\" type=\"file\" id=\"fileupload38\" name=\"Quietanza di avvenuto pagamento. Grandezza massima files 2 MB\"multiple  data-maxFiles=\"2\"  data-acceptedExtensions=\"image\/jpeg,image\/pjpeg,image\/jpeg,image\/pjpeg,image\/png,image\/gif,image\/HEIC,image\/x-icon,application\/pdf,application\/msword,application\/vnd.openxmlformats-officedocument.wordprocessingml.document\" imagePreview required  data-max-files=\"2\" style=\"display:none\"><\/div><br\/><small>(Caricare quietanza di avvenuto pagamento)<\/small><\/div><\/div><div class=\"row kali-form-field-row\"><div class=\"col-12 col-md-12 \"><input  data-internal-id=\"submitbutton6\" type=\"submit\" id=\"submit\" data-style=\"btn yellow\"  class=\"input btn yellow\" value=\"Invia Messaggio\" ><\/div><\/div><!-- This form was built using Kali Forms --><\/form>[\/vc_column_text][\/vc_column][\/vc_row]<\/p>\n","protected":false},"excerpt":{"rendered":"<p>[vc_row css_animation=&#8221;&#8221; row_type=&#8221;row&#8221; use_row_as_full_screen_section=&#8221;no&#8221; type=&#8221;grid&#8221; angled_section=&#8221;no&#8221; text_align=&#8221;left&#8221; background_image_as_pattern=&#8221;without_pattern&#8221; z_index=&#8221;&#8221; el_class=&#8221;bgGrigio&#8221;][vc_column][vc_empty_space][vc_column_text][\/vc_column_text][\/vc_column][\/vc_row]<\/p>\n","protected":false},"author":2,"featured_media":0,"parent":0,"menu_order":0,"comment_status":"closed","ping_status":"closed","template":"full_width.php","meta":[],"acf":[],"yoast_head":"<!-- This site is optimized with the Yoast SEO plugin v19.6.1 - https:\/\/yoast.com\/wordpress\/plugins\/seo\/ -->\n<title>Iscrizione - Bravituttitab\u00f9<\/title>\n<meta name=\"robots\" content=\"index, follow, max-snippet:-1, max-image-preview:large, max-video-preview:-1\" \/>\n<link rel=\"canonical\" href=\"https:\/\/bravitutti.net\/bravituttitabu\/iscrizione\/\" \/>\n<meta property=\"og:locale\" content=\"it_IT\" \/>\n<meta property=\"og:type\" content=\"article\" \/>\n<meta property=\"og:title\" content=\"Iscrizione - Bravituttitab\u00f9\" \/>\n<meta property=\"og:description\" content=\"[vc_row css_animation=&#8221;&#8221; row_type=&#8221;row&#8221; use_row_as_full_screen_section=&#8221;no&#8221; type=&#8221;grid&#8221; angled_section=&#8221;no&#8221; text_align=&#8221;left&#8221; background_image_as_pattern=&#8221;without_pattern&#8221; z_index=&#8221;&#8221; el_class=&#8221;bgGrigio&#8221;][vc_column][vc_empty_space][vc_column_text][\/vc_column_text][\/vc_column][\/vc_row]\" \/>\n<meta property=\"og:url\" content=\"https:\/\/bravitutti.net\/bravituttitabu\/iscrizione\/\" \/>\n<meta property=\"og:site_name\" content=\"Bravituttitab\u00f9\" \/>\n<meta property=\"article:modified_time\" content=\"2023-09-20T11:01:51+00:00\" \/>\n<meta name=\"twitter:card\" content=\"summary_large_image\" \/>\n<meta name=\"twitter:label1\" content=\"Tempo di lettura stimato\" \/>\n\t<meta name=\"twitter:data1\" content=\"1 minuto\" \/>\n<script type=\"application\/ld+json\" class=\"yoast-schema-graph\">{\"@context\":\"https:\/\/schema.org\",\"@graph\":[{\"@type\":\"WebPage\",\"@id\":\"https:\/\/bravitutti.net\/bravituttitabu\/iscrizione\/\",\"url\":\"https:\/\/bravitutti.net\/bravituttitabu\/iscrizione\/\",\"name\":\"Iscrizione - Bravituttitab\u00f9\",\"isPartOf\":{\"@id\":\"https:\/\/bravitutti.net\/bravituttitabu\/#website\"},\"datePublished\":\"2022-10-21T09:00:39+00:00\",\"dateModified\":\"2023-09-20T11:01:51+00:00\",\"breadcrumb\":{\"@id\":\"https:\/\/bravitutti.net\/bravituttitabu\/iscrizione\/#breadcrumb\"},\"inLanguage\":\"it-IT\",\"potentialAction\":[{\"@type\":\"ReadAction\",\"target\":[\"https:\/\/bravitutti.net\/bravituttitabu\/iscrizione\/\"]}]},{\"@type\":\"BreadcrumbList\",\"@id\":\"https:\/\/bravitutti.net\/bravituttitabu\/iscrizione\/#breadcrumb\",\"itemListElement\":[{\"@type\":\"ListItem\",\"position\":1,\"name\":\"Home\",\"item\":\"https:\/\/bravitutti.net\/bravituttitabu\/\"},{\"@type\":\"ListItem\",\"position\":2,\"name\":\"Iscrizione\"}]},{\"@type\":\"WebSite\",\"@id\":\"https:\/\/bravitutti.net\/bravituttitabu\/#website\",\"url\":\"https:\/\/bravitutti.net\/bravituttitabu\/\",\"name\":\"Bravituttitab\u00f9\",\"description\":\"Ecco un altro sito Bravitutti siti\",\"potentialAction\":[{\"@type\":\"SearchAction\",\"target\":{\"@type\":\"EntryPoint\",\"urlTemplate\":\"https:\/\/bravitutti.net\/bravituttitabu\/?s={search_term_string}\"},\"query-input\":\"required name=search_term_string\"}],\"inLanguage\":\"it-IT\"}]}<\/script>\n<!-- \/ Yoast SEO plugin. -->","yoast_head_json":{"title":"Iscrizione - Bravituttitab\u00f9","robots":{"index":"index","follow":"follow","max-snippet":"max-snippet:-1","max-image-preview":"max-image-preview:large","max-video-preview":"max-video-preview:-1"},"canonical":"https:\/\/bravitutti.net\/bravituttitabu\/iscrizione\/","og_locale":"it_IT","og_type":"article","og_title":"Iscrizione - Bravituttitab\u00f9","og_description":"[vc_row css_animation=&#8221;&#8221; row_type=&#8221;row&#8221; use_row_as_full_screen_section=&#8221;no&#8221; type=&#8221;grid&#8221; angled_section=&#8221;no&#8221; text_align=&#8221;left&#8221; background_image_as_pattern=&#8221;without_pattern&#8221; z_index=&#8221;&#8221; el_class=&#8221;bgGrigio&#8221;][vc_column][vc_empty_space][vc_column_text][\/vc_column_text][\/vc_column][\/vc_row]","og_url":"https:\/\/bravitutti.net\/bravituttitabu\/iscrizione\/","og_site_name":"Bravituttitab\u00f9","article_modified_time":"2023-09-20T11:01:51+00:00","twitter_card":"summary_large_image","twitter_misc":{"Tempo di lettura stimato":"1 minuto"},"schema":{"@context":"https:\/\/schema.org","@graph":[{"@type":"WebPage","@id":"https:\/\/bravitutti.net\/bravituttitabu\/iscrizione\/","url":"https:\/\/bravitutti.net\/bravituttitabu\/iscrizione\/","name":"Iscrizione - Bravituttitab\u00f9","isPartOf":{"@id":"https:\/\/bravitutti.net\/bravituttitabu\/#website"},"datePublished":"2022-10-21T09:00:39+00:00","dateModified":"2023-09-20T11:01:51+00:00","breadcrumb":{"@id":"https:\/\/bravitutti.net\/bravituttitabu\/iscrizione\/#breadcrumb"},"inLanguage":"it-IT","potentialAction":[{"@type":"ReadAction","target":["https:\/\/bravitutti.net\/bravituttitabu\/iscrizione\/"]}]},{"@type":"BreadcrumbList","@id":"https:\/\/bravitutti.net\/bravituttitabu\/iscrizione\/#breadcrumb","itemListElement":[{"@type":"ListItem","position":1,"name":"Home","item":"https:\/\/bravitutti.net\/bravituttitabu\/"},{"@type":"ListItem","position":2,"name":"Iscrizione"}]},{"@type":"WebSite","@id":"https:\/\/bravitutti.net\/bravituttitabu\/#website","url":"https:\/\/bravitutti.net\/bravituttitabu\/","name":"Bravituttitab\u00f9","description":"Ecco un altro sito Bravitutti siti","potentialAction":[{"@type":"SearchAction","target":{"@type":"EntryPoint","urlTemplate":"https:\/\/bravitutti.net\/bravituttitabu\/?s={search_term_string}"},"query-input":"required name=search_term_string"}],"inLanguage":"it-IT"}]}},"_links":{"self":[{"href":"https:\/\/bravitutti.net\/bravituttitabu\/wp-json\/wp\/v2\/pages\/221"}],"collection":[{"href":"https:\/\/bravitutti.net\/bravituttitabu\/wp-json\/wp\/v2\/pages"}],"about":[{"href":"https:\/\/bravitutti.net\/bravituttitabu\/wp-json\/wp\/v2\/types\/page"}],"author":[{"embeddable":true,"href":"https:\/\/bravitutti.net\/bravituttitabu\/wp-json\/wp\/v2\/users\/2"}],"replies":[{"embeddable":true,"href":"https:\/\/bravitutti.net\/bravituttitabu\/wp-json\/wp\/v2\/comments?post=221"}],"version-history":[{"count":7,"href":"https:\/\/bravitutti.net\/bravituttitabu\/wp-json\/wp\/v2\/pages\/221\/revisions"}],"predecessor-version":[{"id":350,"href":"https:\/\/bravitutti.net\/bravituttitabu\/wp-json\/wp\/v2\/pages\/221\/revisions\/350"}],"wp:attachment":[{"href":"https:\/\/bravitutti.net\/bravituttitabu\/wp-json\/wp\/v2\/media?parent=221"}],"curies":[{"name":"wp","href":"https:\/\/api.w.org\/{rel}","templated":true}]}}