{"id":201,"date":"2022-10-21T10:22:58","date_gmt":"2022-10-21T08:22:58","guid":{"rendered":"https:\/\/bravitutti.net\/bravituttitabu\/?page_id=201"},"modified":"2023-02-01T16:58:42","modified_gmt":"2023-02-01T15:58:42","slug":"chi-siamo","status":"publish","type":"page","link":"https:\/\/bravitutti.net\/bravituttitabu\/chi-siamo\/","title":{"rendered":"Chi siamo"},"content":{"rendered":"<p>[vc_row css_animation=&#8221;&#8221; row_type=&#8221;row&#8221; use_row_as_full_screen_section=&#8221;no&#8221; type=&#8221;grid&#8221; angled_section=&#8221;no&#8221; text_align=&#8221;center&#8221; background_image_as_pattern=&#8221;without_pattern&#8221; z_index=&#8221;&#8221;][vc_column][vc_column_text]<\/p>\n<h2>STAFF<\/h2>\n<p>[\/vc_column_text][\/vc_column][\/vc_row][vc_row css_animation=&#8221;&#8221; row_type=&#8221;row&#8221; use_row_as_full_screen_section=&#8221;no&#8221; type=&#8221;grid&#8221; angled_section=&#8221;no&#8221; text_align=&#8221;left&#8221; background_image_as_pattern=&#8221;without_pattern&#8221; z_index=&#8221;&#8221;][vc_column]<div class=\"vc_row vc_inner elencoStaff\"><div class=\"vc_col-md-4\"><img style=\"background:url('https:\/\/bravitutti.net\/bravituttitabu\/wp-content\/uploads\/sites\/5\/2023\/01\/2021-5.jpg')\" src=\"https:\/\/bravitutti.net\/bravituttitabu\/wp-content\/themes\/bridge-child\/img\/imgPlaceholder.png\"\/><\/div><div class=\"vc_col-md-8\"><h4>Susanna<\/h4>Ciao a tutti! Sono Susanna e ho 24 anni. Ho frequentato l\u2019indirizzo psicopedagogico a Casatenovo.  Ho un carattere solare, vedo il bicchiere sempre mezzo pieno,  mi piace conoscere nuove persone e le loro caratteristiche che le rendono speciali, uniche. Mi piace stare in compagnia, imparare dagli altri mettendo sempre in discussione me stessa. Nei miei interessi rientrano la lettura, l\u2019insegnamento e la recitazione. Con il mio gruppo, ho partecipato al progetto LAIV ACTION che mi ha dato la possibilit\u00e0 di recitare al teatro Elfo Puccini di Milano. Mi piacciono le esperienze forti, quelle che mi shakerano dalla testa ai piedi. Non riesco a stare mai ferma, odio i tempi morti e le giornate di pioggia. Mi piace camminare in montagna, stare nella natura, lontana dalla monotonia della citt\u00e0. \r\nPer anni ho fatto la volontaria in un centro post-scuola a ragazzi delle scuole medie. I miei studi mi hanno fatto avvicinare a una cooperativa di tipo B che ospita 30 ragazzi con disabilit\u00e0. Per ora \u00e8 stato il percorso pi\u00f9 bello ed emozionante della mia vita. Mi piace essere circondata da persone positive. Credo nei bambini, gli unici che come me hanno ancora il coraggio di sognare.<\/div><\/div><div class=\"vc_row vc_inner elencoStaff\"><div class=\"vc_col-md-4\"><img style=\"background:url('https:\/\/bravitutti.net\/bravituttitabu\/wp-content\/uploads\/sites\/5\/2022\/10\/staff_3.jpg')\" src=\"https:\/\/bravitutti.net\/bravituttitabu\/wp-content\/themes\/bridge-child\/img\/imgPlaceholder.png\"\/><\/div><div class=\"vc_col-md-8\"><h4>Matteo<\/h4>La mia esperienza inizia nella met\u00e0 degli anni 90 come accompagnatore volontario di ragazzi diversamente abili durante soggiorni estivi in Italia e all'estero; prosegue con gli adolescenti in missioni di pace internazionali tra cui la Bosnia nel 1998 e l'Albania nel 1999. Nel 2000 parto per lo Zambia dove rimango alcuni mesi, una delle esperienze fondamentali per la mia formazione. Dal 2001 ad oggi, partecipo alla realizzazione di centri estivi diurni e residenziali, rivolti a bambini e ragazzi 4-14 anni. Durante l'anno lavoro nelle scuole dell'Infanzia e primarie come esperto esterno d'arte e musica. <\/div><\/div><div class=\"vc_row vc_inner elencoStaff\"><div class=\"vc_col-md-4\"><img style=\"background:url('https:\/\/bravitutti.net\/bravituttitabu\/wp-content\/uploads\/sites\/5\/2022\/10\/staff_2.jpg')\" src=\"https:\/\/bravitutti.net\/bravituttitabu\/wp-content\/themes\/bridge-child\/img\/imgPlaceholder.png\"\/><\/div><div class=\"vc_col-md-8\"><h4>Lorenza<\/h4>Ho gestito per 7 anni un rifugio alpino sul Monte Rosa, organizzando campi di volontariato ambientale in collaborazione con Legambiente ed il Cai. Sono stata animatrice di laboratorio al Museo della Scienza di Milano, occupandomi di attivit\u00e0 rivolte a bambini e ragazzi. Da pi\u00f9 di 10 anni lavoro come educatrice e conduco laboratori video rivolti ai giovani.\r\n<\/div><\/div>[\/vc_column][\/vc_row]<\/p>\n","protected":false},"excerpt":{"rendered":"<p>[vc_row css_animation=&#8221;&#8221; row_type=&#8221;row&#8221; use_row_as_full_screen_section=&#8221;no&#8221; type=&#8221;grid&#8221; angled_section=&#8221;no&#8221; text_align=&#8221;center&#8221; background_image_as_pattern=&#8221;without_pattern&#8221; z_index=&#8221;&#8221;][vc_column][vc_column_text] STAFF [\/vc_column_text][\/vc_column][\/vc_row][vc_row css_animation=&#8221;&#8221; row_type=&#8221;row&#8221; use_row_as_full_screen_section=&#8221;no&#8221; type=&#8221;grid&#8221; angled_section=&#8221;no&#8221; text_align=&#8221;left&#8221; background_image_as_pattern=&#8221;without_pattern&#8221; z_index=&#8221;&#8221;][vc_column][\/vc_column][\/vc_row]<\/p>\n","protected":false},"author":2,"featured_media":0,"parent":0,"menu_order":0,"comment_status":"closed","ping_status":"closed","template":"","meta":[],"acf":[],"yoast_head":"<!-- This site is optimized with the Yoast SEO plugin v19.6.1 - https:\/\/yoast.com\/wordpress\/plugins\/seo\/ -->\n<title>Chi siamo - Bravituttitab\u00f9<\/title>\n<meta name=\"robots\" content=\"index, follow, max-snippet:-1, max-image-preview:large, max-video-preview:-1\" \/>\n<link rel=\"canonical\" href=\"https:\/\/bravitutti.net\/bravituttitabu\/chi-siamo\/\" \/>\n<meta property=\"og:locale\" content=\"it_IT\" \/>\n<meta property=\"og:type\" content=\"article\" \/>\n<meta property=\"og:title\" content=\"Chi siamo - Bravituttitab\u00f9\" \/>\n<meta property=\"og:description\" content=\"[vc_row css_animation=&#8221;&#8221; row_type=&#8221;row&#8221; use_row_as_full_screen_section=&#8221;no&#8221; type=&#8221;grid&#8221; angled_section=&#8221;no&#8221; text_align=&#8221;center&#8221; background_image_as_pattern=&#8221;without_pattern&#8221; z_index=&#8221;&#8221;][vc_column][vc_column_text] STAFF [\/vc_column_text][\/vc_column][\/vc_row][vc_row css_animation=&#8221;&#8221; row_type=&#8221;row&#8221; use_row_as_full_screen_section=&#8221;no&#8221; type=&#8221;grid&#8221; angled_section=&#8221;no&#8221; text_align=&#8221;left&#8221; background_image_as_pattern=&#8221;without_pattern&#8221; z_index=&#8221;&#8221;][vc_column][\/vc_column][\/vc_row]\" \/>\n<meta property=\"og:url\" content=\"https:\/\/bravitutti.net\/bravituttitabu\/chi-siamo\/\" \/>\n<meta property=\"og:site_name\" content=\"Bravituttitab\u00f9\" \/>\n<meta property=\"article:modified_time\" content=\"2023-02-01T15:58:42+00:00\" \/>\n<meta name=\"twitter:card\" content=\"summary_large_image\" \/>\n<meta name=\"twitter:label1\" content=\"Tempo di lettura stimato\" \/>\n\t<meta name=\"twitter:data1\" content=\"1 minuto\" \/>\n<script type=\"application\/ld+json\" class=\"yoast-schema-graph\">{\"@context\":\"https:\/\/schema.org\",\"@graph\":[{\"@type\":\"WebPage\",\"@id\":\"https:\/\/bravitutti.net\/bravituttitabu\/chi-siamo\/\",\"url\":\"https:\/\/bravitutti.net\/bravituttitabu\/chi-siamo\/\",\"name\":\"Chi siamo - Bravituttitab\u00f9\",\"isPartOf\":{\"@id\":\"https:\/\/bravitutti.net\/bravituttitabu\/#website\"},\"datePublished\":\"2022-10-21T08:22:58+00:00\",\"dateModified\":\"2023-02-01T15:58:42+00:00\",\"breadcrumb\":{\"@id\":\"https:\/\/bravitutti.net\/bravituttitabu\/chi-siamo\/#breadcrumb\"},\"inLanguage\":\"it-IT\",\"potentialAction\":[{\"@type\":\"ReadAction\",\"target\":[\"https:\/\/bravitutti.net\/bravituttitabu\/chi-siamo\/\"]}]},{\"@type\":\"BreadcrumbList\",\"@id\":\"https:\/\/bravitutti.net\/bravituttitabu\/chi-siamo\/#breadcrumb\",\"itemListElement\":[{\"@type\":\"ListItem\",\"position\":1,\"name\":\"Home\",\"item\":\"https:\/\/bravitutti.net\/bravituttitabu\/\"},{\"@type\":\"ListItem\",\"position\":2,\"name\":\"Chi siamo\"}]},{\"@type\":\"WebSite\",\"@id\":\"https:\/\/bravitutti.net\/bravituttitabu\/#website\",\"url\":\"https:\/\/bravitutti.net\/bravituttitabu\/\",\"name\":\"Bravituttitab\u00f9\",\"description\":\"Ecco un altro sito Bravitutti siti\",\"potentialAction\":[{\"@type\":\"SearchAction\",\"target\":{\"@type\":\"EntryPoint\",\"urlTemplate\":\"https:\/\/bravitutti.net\/bravituttitabu\/?s={search_term_string}\"},\"query-input\":\"required name=search_term_string\"}],\"inLanguage\":\"it-IT\"}]}<\/script>\n<!-- \/ Yoast SEO plugin. -->","yoast_head_json":{"title":"Chi siamo - Bravituttitab\u00f9","robots":{"index":"index","follow":"follow","max-snippet":"max-snippet:-1","max-image-preview":"max-image-preview:large","max-video-preview":"max-video-preview:-1"},"canonical":"https:\/\/bravitutti.net\/bravituttitabu\/chi-siamo\/","og_locale":"it_IT","og_type":"article","og_title":"Chi siamo - Bravituttitab\u00f9","og_description":"[vc_row css_animation=&#8221;&#8221; row_type=&#8221;row&#8221; use_row_as_full_screen_section=&#8221;no&#8221; type=&#8221;grid&#8221; angled_section=&#8221;no&#8221; text_align=&#8221;center&#8221; background_image_as_pattern=&#8221;without_pattern&#8221; z_index=&#8221;&#8221;][vc_column][vc_column_text] STAFF [\/vc_column_text][\/vc_column][\/vc_row][vc_row css_animation=&#8221;&#8221; row_type=&#8221;row&#8221; use_row_as_full_screen_section=&#8221;no&#8221; type=&#8221;grid&#8221; angled_section=&#8221;no&#8221; text_align=&#8221;left&#8221; background_image_as_pattern=&#8221;without_pattern&#8221; z_index=&#8221;&#8221;][vc_column][\/vc_column][\/vc_row]","og_url":"https:\/\/bravitutti.net\/bravituttitabu\/chi-siamo\/","og_site_name":"Bravituttitab\u00f9","article_modified_time":"2023-02-01T15:58:42+00:00","twitter_card":"summary_large_image","twitter_misc":{"Tempo di lettura stimato":"1 minuto"},"schema":{"@context":"https:\/\/schema.org","@graph":[{"@type":"WebPage","@id":"https:\/\/bravitutti.net\/bravituttitabu\/chi-siamo\/","url":"https:\/\/bravitutti.net\/bravituttitabu\/chi-siamo\/","name":"Chi siamo - Bravituttitab\u00f9","isPartOf":{"@id":"https:\/\/bravitutti.net\/bravituttitabu\/#website"},"datePublished":"2022-10-21T08:22:58+00:00","dateModified":"2023-02-01T15:58:42+00:00","breadcrumb":{"@id":"https:\/\/bravitutti.net\/bravituttitabu\/chi-siamo\/#breadcrumb"},"inLanguage":"it-IT","potentialAction":[{"@type":"ReadAction","target":["https:\/\/bravitutti.net\/bravituttitabu\/chi-siamo\/"]}]},{"@type":"BreadcrumbList","@id":"https:\/\/bravitutti.net\/bravituttitabu\/chi-siamo\/#breadcrumb","itemListElement":[{"@type":"ListItem","position":1,"name":"Home","item":"https:\/\/bravitutti.net\/bravituttitabu\/"},{"@type":"ListItem","position":2,"name":"Chi siamo"}]},{"@type":"WebSite","@id":"https:\/\/bravitutti.net\/bravituttitabu\/#website","url":"https:\/\/bravitutti.net\/bravituttitabu\/","name":"Bravituttitab\u00f9","description":"Ecco un altro sito Bravitutti siti","potentialAction":[{"@type":"SearchAction","target":{"@type":"EntryPoint","urlTemplate":"https:\/\/bravitutti.net\/bravituttitabu\/?s={search_term_string}"},"query-input":"required name=search_term_string"}],"inLanguage":"it-IT"}]}},"_links":{"self":[{"href":"https:\/\/bravitutti.net\/bravituttitabu\/wp-json\/wp\/v2\/pages\/201"}],"collection":[{"href":"https:\/\/bravitutti.net\/bravituttitabu\/wp-json\/wp\/v2\/pages"}],"about":[{"href":"https:\/\/bravitutti.net\/bravituttitabu\/wp-json\/wp\/v2\/types\/page"}],"author":[{"embeddable":true,"href":"https:\/\/bravitutti.net\/bravituttitabu\/wp-json\/wp\/v2\/users\/2"}],"replies":[{"embeddable":true,"href":"https:\/\/bravitutti.net\/bravituttitabu\/wp-json\/wp\/v2\/comments?post=201"}],"version-history":[{"count":3,"href":"https:\/\/bravitutti.net\/bravituttitabu\/wp-json\/wp\/v2\/pages\/201\/revisions"}],"predecessor-version":[{"id":265,"href":"https:\/\/bravitutti.net\/bravituttitabu\/wp-json\/wp\/v2\/pages\/201\/revisions\/265"}],"wp:attachment":[{"href":"https:\/\/bravitutti.net\/bravituttitabu\/wp-json\/wp\/v2\/media?parent=201"}],"curies":[{"name":"wp","href":"https:\/\/api.w.org\/{rel}","templated":true}]}}