{"id":2,"date":"2022-10-21T09:51:49","date_gmt":"2022-10-21T07:51:49","guid":{"rendered":"https:\/\/bravitutti.net\/bravituttitabu\/?page_id=2"},"modified":"2023-09-20T11:31:32","modified_gmt":"2023-09-20T09:31:32","slug":"pagina-di-esempio","status":"publish","type":"page","link":"https:\/\/bravitutti.net\/bravituttitabu\/","title":{"rendered":""},"content":{"rendered":"<p>[vc_row css_animation=&#8221;&#8221; row_type=&#8221;row&#8221; use_row_as_full_screen_section=&#8221;no&#8221; type=&#8221;grid&#8221; angled_section=&#8221;no&#8221; text_align=&#8221;left&#8221; background_image_as_pattern=&#8221;without_pattern&#8221; z_index=&#8221;&#8221;][vc_column][vc_empty_space][vc_column_text]<\/p>\n<h3 style=\"text-align: center\">Dall&#8217;esperienza dei campus estivi<\/h3>\n<h3 style=\"text-align: center\">nasce un nuovo progetto di continuit\u00e0 e approfondimento<\/h3>\n<h3><\/h3>\n<p>&nbsp;<\/p>\n<h3 style=\"text-align: center\">Residenziale di formazione 14\/15 ottobre 2023<strong><br \/>\n<\/strong><\/h3>\n<p style=\"text-align: center\">Un progetto per ritrovarsi e stare insieme, sostenendo le inclinazioni naturali di ognuno, le relazioni, lo spirito collaborativo ed il libero pensiero<\/p>\n<p>[\/vc_column_text][vc_empty_space][vc_single_image image=&#8221;339&#8243; img_size=&#8221;full&#8221; alignment=&#8221;center&#8221; qode_css_animation=&#8221;&#8221;][vc_empty_space][vc_column_text]<\/p>\n<p><u>PROGRAMMA<\/u><\/p>\n<p>&nbsp;<\/p>\n<p><strong>ETA&#8217;:<\/strong><strong>\u00a0<\/strong>11-15 ANNI (dalla prima media alla prima superiore)<\/p>\n<p>&nbsp;<\/p>\n<p><strong>DOVE:<\/strong><strong>\u00a0<\/strong><a href=\"https:\/\/www.google.com\/maps\/search\/casa+scout+don+titino\/@45.7968896,9.0721695,16z?entry=ttu\" data-saferedirecturl=\"https:\/\/www.google.com\/url?q=https:\/\/www.google.com\/maps\/search\/casa%2Bscout%2Bdon%2Btitino\/@45.7968896,9.0721695,16z?entry%3Dttu&amp;source=gmail&amp;ust=1695194890684000&amp;usg=AOvVaw2vuVMroB0M2LLzF7_Jl6Zd\">Casa Scout Don Titino<\/a>, Parco della Spina Verde &#8211; Como<\/p>\n<p>&nbsp;<\/p>\n<p><strong>DATE E ORARI:<\/strong><\/p>\n<p>&#8211; partenza: ritrovo sabato 14 ottobre, ore 9.45, Stazione\u00a0<a href=\"https:\/\/www.google.com\/maps\/place\/Como+Camerlata\/@45.7845466,9.0794868,17z\/data=!3m1!4b1!4m6!3m5!1s0x47869c13a13a55b3:0xcaf4ccf6c3fe2d70!8m2!3d45.7845466!4d9.0794868!16s%2Fg%2F122vlfxn?entry=ttu\" data-saferedirecturl=\"https:\/\/www.google.com\/url?q=https:\/\/www.google.com\/maps\/place\/Como%2BCamerlata\/@45.7845466,9.0794868,17z\/data%3D!3m1!4b1!4m6!3m5!1s0x47869c13a13a55b3:0xcaf4ccf6c3fe2d70!8m2!3d45.7845466!4d9.0794868!16s%252Fg%252F122vlfxn?entry%3Dttu&amp;source=gmail&amp;ust=1695194890684000&amp;usg=AOvVaw0dfPFm84wGZhmgQ-gIdihj\">Como Nord\/Camerlata<\/a>\u00a0(possibilit\u00e0 di partire in treno da Milano con un accompagnatore con ritrovo in\u00a0<a href=\"https:\/\/www.google.com\/maps\/place\/P.za+Sigmund+Freud,+20124+Milano+MI\/@45.4842524,9.1852074,17z\/data=!3m1!4b1!4m6!3m5!1s0x4786c132fd700fcd:0x8f41e07f61b920eb!8m2!3d45.4842487!4d9.1877823!16s%2Fg%2F1tdfm44j?entry=ttu\" data-saferedirecturl=\"https:\/\/www.google.com\/url?q=https:\/\/www.google.com\/maps\/place\/P.za%2BSigmund%2BFreud,%2B20124%2BMilano%2BMI\/@45.4842524,9.1852074,17z\/data%3D!3m1!4b1!4m6!3m5!1s0x4786c132fd700fcd:0x8f41e07f61b920eb!8m2!3d45.4842487!4d9.1877823!16s%252Fg%252F1tdfm44j?entry%3Dttu&amp;source=gmail&amp;ust=1695194890684000&amp;usg=AOvVaw1hzSLDJ1IiC37kwkT2NTLj\">Stazione Garibaldi<\/a>\u00a0alle ore 8). Dalla stazione di Como i ragazzi saliranno insieme agli educatori alla casa scout Don Titino (circa 40 minuti di cammino)!<\/p>\n<p>&nbsp;<\/p>\n<p>&#8211; ritorno: ritrovo domenica 15 ottobre, ore 17,\u00a0<a href=\"https:\/\/www.google.com\/maps\/place\/Como+Camerlata\/@45.7845466,9.0794868,17z\/data=!3m1!4b1!4m6!3m5!1s0x47869c13a13a55b3:0xcaf4ccf6c3fe2d70!8m2!3d45.7845466!4d9.0794868!16s%2Fg%2F122vlfxn?entry=ttu\" data-saferedirecturl=\"https:\/\/www.google.com\/url?q=https:\/\/www.google.com\/maps\/place\/Como%2BCamerlata\/@45.7845466,9.0794868,17z\/data%3D!3m1!4b1!4m6!3m5!1s0x47869c13a13a55b3:0xcaf4ccf6c3fe2d70!8m2!3d45.7845466!4d9.0794868!16s%252Fg%252F122vlfxn?entry%3Dttu&amp;source=gmail&amp;ust=1695194890684000&amp;usg=AOvVaw0dfPFm84wGZhmgQ-gIdihj\">Stazione Como Nord\/Camerlata<\/a>\u00a0(possibilit\u00e0 di rientrare a Milano in treno con un accompagnatore, arrivo previsto in Stazione Garibaldi alle ore 18.30)<\/p>\n<p>&nbsp;<\/p>\n<p><strong>COSTO<\/strong><\/p>\n<p><strong>120 euro<\/strong>, comprensivo di vitto, alloggio, materiali, assicurazione. Non include il costo del viaggio in treno.<\/p>\n<p>&nbsp;<\/p>\n<p>&nbsp;<\/p>\n<p>Il residenziale di formazione potr\u00e0 partire al raggiungimento di un numero minimo di iscritti: in caso di impossibilit\u00e0 di svolgere il campus, la quota verr\u00e0 integralmente restituita.[\/vc_column_text]<a  itemprop=\"url\" href=\"https:\/\/bravitutti.net\/bravituttitabu\/iscrizione\/\" target=\"_self\"  class=\"qbutton  big_large_full_width default\" style=\"\">EFFETTUA ISCRIZIONE<\/a>[\/vc_column][\/vc_row][vc_row css_animation=&#8221;&#8221; row_type=&#8221;row&#8221; use_row_as_full_screen_section=&#8221;no&#8221; type=&#8221;grid&#8221; angled_section=&#8221;no&#8221; text_align=&#8221;left&#8221; background_image_as_pattern=&#8221;without_pattern&#8221; z_index=&#8221;&#8221; el_class=&#8221;bgGrigio&#8221;][vc_column][\/vc_column][\/vc_row]<\/p>\n","protected":false},"excerpt":{"rendered":"<p>[vc_row css_animation=&#8221;&#8221; row_type=&#8221;row&#8221; use_row_as_full_screen_section=&#8221;no&#8221; type=&#8221;grid&#8221; angled_section=&#8221;no&#8221; text_align=&#8221;left&#8221; background_image_as_pattern=&#8221;without_pattern&#8221; z_index=&#8221;&#8221;][vc_column][vc_empty_space][vc_column_text] Dall&#8217;esperienza dei campus estivi nasce un nuovo progetto di continuit\u00e0 e approfondimento &nbsp; Residenziale di formazione 14\/15 ottobre 2023 Un progetto per ritrovarsi e stare insieme, sostenendo le inclinazioni naturali di ognuno, le relazioni, lo spirito&#8230;<\/p>\n","protected":false},"author":2,"featured_media":313,"parent":0,"menu_order":0,"comment_status":"closed","ping_status":"closed","template":"full_width.php","meta":[],"acf":[],"yoast_head":"<!-- This site is optimized with the Yoast SEO plugin v19.6.1 - https:\/\/yoast.com\/wordpress\/plugins\/seo\/ -->\n<title>- Bravituttitab\u00f9<\/title>\n<meta name=\"robots\" content=\"index, follow, max-snippet:-1, max-image-preview:large, max-video-preview:-1\" \/>\n<link rel=\"canonical\" href=\"https:\/\/bravitutti.net\/bravituttitabu\/\" \/>\n<meta property=\"og:locale\" content=\"it_IT\" \/>\n<meta property=\"og:type\" content=\"article\" \/>\n<meta property=\"og:title\" content=\"- Bravituttitab\u00f9\" \/>\n<meta property=\"og:description\" content=\"[vc_row css_animation=&#8221;&#8221; row_type=&#8221;row&#8221; use_row_as_full_screen_section=&#8221;no&#8221; type=&#8221;grid&#8221; angled_section=&#8221;no&#8221; text_align=&#8221;left&#8221; background_image_as_pattern=&#8221;without_pattern&#8221; z_index=&#8221;&#8221;][vc_column][vc_empty_space][vc_column_text] Dall&#8217;esperienza dei campus estivi nasce un nuovo progetto di continuit\u00e0 e approfondimento &nbsp; Residenziale di formazione 14\/15 ottobre 2023 Un progetto per ritrovarsi e stare insieme, sostenendo le inclinazioni naturali di ognuno, le relazioni, lo spirito...\" \/>\n<meta property=\"og:url\" content=\"https:\/\/bravitutti.net\/bravituttitabu\/\" \/>\n<meta property=\"og:site_name\" content=\"Bravituttitab\u00f9\" \/>\n<meta property=\"article:modified_time\" content=\"2023-09-20T09:31:32+00:00\" \/>\n<meta property=\"og:image\" content=\"https:\/\/bravitutti.net\/bravituttitabu\/wp-content\/uploads\/sites\/5\/2023\/09\/edu-lib-pens.jpg\" \/>\n\t<meta property=\"og:image:width\" content=\"2000\" \/>\n\t<meta property=\"og:image:height\" content=\"977\" \/>\n\t<meta property=\"og:image:type\" content=\"image\/jpeg\" \/>\n<meta name=\"twitter:card\" content=\"summary_large_image\" \/>\n<meta name=\"twitter:label1\" content=\"Tempo di lettura stimato\" \/>\n\t<meta name=\"twitter:data1\" content=\"2 minuti\" \/>\n<script type=\"application\/ld+json\" class=\"yoast-schema-graph\">{\"@context\":\"https:\/\/schema.org\",\"@graph\":[{\"@type\":\"WebPage\",\"@id\":\"https:\/\/bravitutti.net\/bravituttitabu\/\",\"url\":\"https:\/\/bravitutti.net\/bravituttitabu\/\",\"name\":\"- Bravituttitab\u00f9\",\"isPartOf\":{\"@id\":\"https:\/\/bravitutti.net\/bravituttitabu\/#website\"},\"datePublished\":\"2022-10-21T07:51:49+00:00\",\"dateModified\":\"2023-09-20T09:31:32+00:00\",\"breadcrumb\":{\"@id\":\"https:\/\/bravitutti.net\/bravituttitabu\/#breadcrumb\"},\"inLanguage\":\"it-IT\",\"potentialAction\":[{\"@type\":\"ReadAction\",\"target\":[\"https:\/\/bravitutti.net\/bravituttitabu\/\"]}]},{\"@type\":\"BreadcrumbList\",\"@id\":\"https:\/\/bravitutti.net\/bravituttitabu\/#breadcrumb\",\"itemListElement\":[{\"@type\":\"ListItem\",\"position\":1,\"name\":\"Home\",\"item\":\"https:\/\/bravitutti.net\/bravituttitabu\/\"},{\"@type\":\"ListItem\",\"position\":2,\"name\":\"\"}]},{\"@type\":\"WebSite\",\"@id\":\"https:\/\/bravitutti.net\/bravituttitabu\/#website\",\"url\":\"https:\/\/bravitutti.net\/bravituttitabu\/\",\"name\":\"Bravituttitab\u00f9\",\"description\":\"Ecco un altro sito Bravitutti siti\",\"potentialAction\":[{\"@type\":\"SearchAction\",\"target\":{\"@type\":\"EntryPoint\",\"urlTemplate\":\"https:\/\/bravitutti.net\/bravituttitabu\/?s={search_term_string}\"},\"query-input\":\"required name=search_term_string\"}],\"inLanguage\":\"it-IT\"}]}<\/script>\n<!-- \/ Yoast SEO plugin. -->","yoast_head_json":{"title":"- Bravituttitab\u00f9","robots":{"index":"index","follow":"follow","max-snippet":"max-snippet:-1","max-image-preview":"max-image-preview:large","max-video-preview":"max-video-preview:-1"},"canonical":"https:\/\/bravitutti.net\/bravituttitabu\/","og_locale":"it_IT","og_type":"article","og_title":"- Bravituttitab\u00f9","og_description":"[vc_row css_animation=&#8221;&#8221; row_type=&#8221;row&#8221; use_row_as_full_screen_section=&#8221;no&#8221; type=&#8221;grid&#8221; angled_section=&#8221;no&#8221; text_align=&#8221;left&#8221; background_image_as_pattern=&#8221;without_pattern&#8221; z_index=&#8221;&#8221;][vc_column][vc_empty_space][vc_column_text] Dall&#8217;esperienza dei campus estivi nasce un nuovo progetto di continuit\u00e0 e approfondimento &nbsp; Residenziale di formazione 14\/15 ottobre 2023 Un progetto per ritrovarsi e stare insieme, sostenendo le inclinazioni naturali di ognuno, le relazioni, lo spirito...","og_url":"https:\/\/bravitutti.net\/bravituttitabu\/","og_site_name":"Bravituttitab\u00f9","article_modified_time":"2023-09-20T09:31:32+00:00","og_image":[{"width":2000,"height":977,"url":"https:\/\/bravitutti.net\/bravituttitabu\/wp-content\/uploads\/sites\/5\/2023\/09\/edu-lib-pens.jpg","type":"image\/jpeg"}],"twitter_card":"summary_large_image","twitter_misc":{"Tempo di lettura stimato":"2 minuti"},"schema":{"@context":"https:\/\/schema.org","@graph":[{"@type":"WebPage","@id":"https:\/\/bravitutti.net\/bravituttitabu\/","url":"https:\/\/bravitutti.net\/bravituttitabu\/","name":"- Bravituttitab\u00f9","isPartOf":{"@id":"https:\/\/bravitutti.net\/bravituttitabu\/#website"},"datePublished":"2022-10-21T07:51:49+00:00","dateModified":"2023-09-20T09:31:32+00:00","breadcrumb":{"@id":"https:\/\/bravitutti.net\/bravituttitabu\/#breadcrumb"},"inLanguage":"it-IT","potentialAction":[{"@type":"ReadAction","target":["https:\/\/bravitutti.net\/bravituttitabu\/"]}]},{"@type":"BreadcrumbList","@id":"https:\/\/bravitutti.net\/bravituttitabu\/#breadcrumb","itemListElement":[{"@type":"ListItem","position":1,"name":"Home","item":"https:\/\/bravitutti.net\/bravituttitabu\/"},{"@type":"ListItem","position":2,"name":""}]},{"@type":"WebSite","@id":"https:\/\/bravitutti.net\/bravituttitabu\/#website","url":"https:\/\/bravitutti.net\/bravituttitabu\/","name":"Bravituttitab\u00f9","description":"Ecco un altro sito Bravitutti siti","potentialAction":[{"@type":"SearchAction","target":{"@type":"EntryPoint","urlTemplate":"https:\/\/bravitutti.net\/bravituttitabu\/?s={search_term_string}"},"query-input":"required name=search_term_string"}],"inLanguage":"it-IT"}]}},"_links":{"self":[{"href":"https:\/\/bravitutti.net\/bravituttitabu\/wp-json\/wp\/v2\/pages\/2"}],"collection":[{"href":"https:\/\/bravitutti.net\/bravituttitabu\/wp-json\/wp\/v2\/pages"}],"about":[{"href":"https:\/\/bravitutti.net\/bravituttitabu\/wp-json\/wp\/v2\/types\/page"}],"author":[{"embeddable":true,"href":"https:\/\/bravitutti.net\/bravituttitabu\/wp-json\/wp\/v2\/users\/2"}],"replies":[{"embeddable":true,"href":"https:\/\/bravitutti.net\/bravituttitabu\/wp-json\/wp\/v2\/comments?post=2"}],"version-history":[{"count":43,"href":"https:\/\/bravitutti.net\/bravituttitabu\/wp-json\/wp\/v2\/pages\/2\/revisions"}],"predecessor-version":[{"id":340,"href":"https:\/\/bravitutti.net\/bravituttitabu\/wp-json\/wp\/v2\/pages\/2\/revisions\/340"}],"wp:featuredmedia":[{"embeddable":true,"href":"https:\/\/bravitutti.net\/bravituttitabu\/wp-json\/wp\/v2\/media\/313"}],"wp:attachment":[{"href":"https:\/\/bravitutti.net\/bravituttitabu\/wp-json\/wp\/v2\/media?parent=2"}],"curies":[{"name":"wp","href":"https:\/\/api.w.org\/{rel}","templated":true}]}}