{"id":2,"date":"2022-10-18T16:33:47","date_gmt":"2022-10-18T14:33:47","guid":{"rendered":"http:\/\/localhost\/estatebravitutti\/bravituttieventi\/?page_id=2"},"modified":"2026-02-06T15:56:44","modified_gmt":"2026-02-06T14:56:44","slug":"pagina-di-esempio","status":"publish","type":"page","link":"https:\/\/bravitutti.net\/bravituttieventi\/","title":{"rendered":"I nostri eventi"},"content":{"rendered":"<p>[vc_row css_animation=&#8221;&#8221; row_type=&#8221;row&#8221; use_row_as_full_screen_section=&#8221;no&#8221; type=&#8221;grid&#8221; angled_section=&#8221;no&#8221; text_align=&#8221;center&#8221; background_image_as_pattern=&#8221;without_pattern&#8221; z_index=&#8221;&#8221; anchor=&#8221;compleanno&#8221;][vc_column][vc_column_text]<em>&#8220;Nella testa e tra le mani la realt\u00e0 si pu\u00f2 trasformare, me ne accorgo, non credevo e mi stupisco.<\/em><br \/>\n<em>La scoperta risveglia l\u2019interesse e lo stupore invoglia ad una nuova ricerca;<\/em><br \/>\n<em>\u00e8 cos\u00ec che giocando imparo a dare nuovi significati alle cose, sperimento la mia libert\u00e0 e scopro, insieme agli amici, il piacere di farlo.&#8221;<\/em><\/p>\n<p>[\/vc_column_text][vc_empty_space][vc_column_text]<\/p>\n<h2>Feste di Compleanno<\/h2>\n<p>[\/vc_column_text][vc_empty_space][vc_column_text]<\/p>\n<h3>Narrazioni animate, immersive e partecipate<\/h3>\n<p>[\/vc_column_text][\/vc_column][\/vc_row][vc_row css_animation=&#8221;&#8221; row_type=&#8221;row&#8221; use_row_as_full_screen_section=&#8221;no&#8221; type=&#8221;grid&#8221; angled_section=&#8221;no&#8221; text_align=&#8221;left&#8221; background_image_as_pattern=&#8221;without_pattern&#8221; z_index=&#8221;&#8221;][vc_column width=&#8221;1\/2&#8243;][qode_elements_holder number_of_columns=&#8221;two_columns&#8221; columns_proportion=&#8221;33_66&#8243;][qode_elements_holder_item vertical_alignment=&#8221;middle&#8221; advanced_animations=&#8221;no&#8221; item_padding=&#8221;15px&#8221;][vc_single_image image=&#8221;25&#8243; img_size=&#8221;full&#8221; alignment=&#8221;center&#8221; qode_css_animation=&#8221;&#8221;][\/qode_elements_holder_item][qode_elements_holder_item vertical_alignment=&#8221;middle&#8221; advanced_animations=&#8221;no&#8221; item_padding=&#8221;15px&#8221;][vc_column_text]<\/p>\n<h5>ASTRONAUTI E<br \/>\nPILOTI SPAZIALI<\/h5>\n<p>Viaggio verso il Sole.<br \/>\n10-9-8-7-6-5-4-3-2-1-0<br \/>\nTenetevi forte!!!!!![\/vc_column_text][\/qode_elements_holder_item][\/qode_elements_holder][\/vc_column][vc_column width=&#8221;1\/2&#8243;][qode_elements_holder number_of_columns=&#8221;two_columns&#8221; columns_proportion=&#8221;33_66&#8243;][qode_elements_holder_item vertical_alignment=&#8221;middle&#8221; advanced_animations=&#8221;no&#8221; item_padding=&#8221;15px&#8221;][vc_single_image image=&#8221;21&#8243; img_size=&#8221;full&#8221; alignment=&#8221;center&#8221; qode_css_animation=&#8221;&#8221;][\/qode_elements_holder_item][qode_elements_holder_item vertical_alignment=&#8221;middle&#8221; advanced_animations=&#8221;no&#8221; item_padding=&#8221;15px&#8221;][vc_column_text]<\/p>\n<h5>CACCIATORI<br \/>\nDI MOSTRI<\/h5>\n<p>La matita che stava nell&#8217;astuccio ora non c&#8217;\u00e8 pi\u00f9?!<br \/>\nE&#8217; lo scherzo di un mostriciattolo dispettoso.[\/vc_column_text][\/qode_elements_holder_item][\/qode_elements_holder][\/vc_column][\/vc_row][vc_row css_animation=&#8221;&#8221; row_type=&#8221;row&#8221; use_row_as_full_screen_section=&#8221;no&#8221; type=&#8221;grid&#8221; angled_section=&#8221;no&#8221; text_align=&#8221;left&#8221; background_image_as_pattern=&#8221;without_pattern&#8221; z_index=&#8221;&#8221; el_class=&#8221;bgGrigio&#8221; background_color=&#8221;#ffffff&#8221;][vc_column width=&#8221;1\/2&#8243;][qode_elements_holder number_of_columns=&#8221;two_columns&#8221; columns_proportion=&#8221;33_66&#8243;][qode_elements_holder_item vertical_alignment=&#8221;middle&#8221; advanced_animations=&#8221;no&#8221; item_padding=&#8221;15px&#8221;][vc_single_image image=&#8221;23&#8243; img_size=&#8221;full&#8221; alignment=&#8221;center&#8221; qode_css_animation=&#8221;&#8221;][\/qode_elements_holder_item][qode_elements_holder_item vertical_alignment=&#8221;middle&#8221; advanced_animations=&#8221;no&#8221; item_padding=&#8221;15px&#8221;][vc_column_text]<\/p>\n<h5>ISPETTORI, DETECTIVE<br \/>\nED INVESTIGATORI<\/h5>\n<p>Aguzza l&#8217;ingegno, affina la vista, usa l&#8217;olfatto e segui la pista.[\/vc_column_text][\/qode_elements_holder_item][\/qode_elements_holder][\/vc_column][vc_column width=&#8221;1\/2&#8243;][qode_elements_holder number_of_columns=&#8221;two_columns&#8221; columns_proportion=&#8221;33_66&#8243;][qode_elements_holder_item vertical_alignment=&#8221;middle&#8221; advanced_animations=&#8221;no&#8221; item_padding=&#8221;15px&#8221;][vc_single_image image=&#8221;253&#8243; img_size=&#8221;full&#8221; alignment=&#8221;center&#8221; qode_css_animation=&#8221;&#8221;][\/qode_elements_holder_item][qode_elements_holder_item advanced_animations=&#8221;no&#8221;][vc_column_text]<\/p>\n<h5>IL LABIRINTO MAGICO<\/h5>\n<p>Dietro ad ogni porta c&#8217;\u00e8 una stanza, dentro ad ogni stanza una prova. La strada per uscire dove si trova?[\/vc_column_text][\/qode_elements_holder_item][\/qode_elements_holder][\/vc_column][\/vc_row][vc_row css_animation=&#8221;&#8221; row_type=&#8221;row&#8221; use_row_as_full_screen_section=&#8221;no&#8221; type=&#8221;grid&#8221; angled_section=&#8221;no&#8221; text_align=&#8221;left&#8221; background_image_as_pattern=&#8221;without_pattern&#8221; z_index=&#8221;&#8221;][vc_column width=&#8221;1\/2&#8243;][qode_elements_holder number_of_columns=&#8221;two_columns&#8221; columns_proportion=&#8221;33_66&#8243;][qode_elements_holder_item vertical_alignment=&#8221;middle&#8221; advanced_animations=&#8221;no&#8221; item_padding=&#8221;15px&#8221;][vc_single_image image=&#8221;24&#8243; img_size=&#8221;full&#8221; alignment=&#8221;center&#8221; qode_css_animation=&#8221;&#8221;][\/qode_elements_holder_item][qode_elements_holder_item vertical_alignment=&#8221;middle&#8221; advanced_animations=&#8221;no&#8221; item_padding=&#8221;15px&#8221;][vc_column_text]<\/p>\n<h5>PIRATI, CORSARI<br \/>\nE BUCANIERI<\/h5>\n<p>Per mare tra malefici squali e navi fantasma.<br \/>\nChi non ha paura?[\/vc_column_text][\/qode_elements_holder_item][\/qode_elements_holder][\/vc_column][vc_column width=&#8221;1\/2&#8243;][qode_elements_holder number_of_columns=&#8221;two_columns&#8221; columns_proportion=&#8221;33_66&#8243;][qode_elements_holder_item vertical_alignment=&#8221;middle&#8221; advanced_animations=&#8221;no&#8221; item_padding=&#8221;15px&#8221;][vc_single_image image=&#8221;27&#8243; img_size=&#8221;full&#8221; alignment=&#8221;center&#8221; qode_css_animation=&#8221;&#8221;][\/qode_elements_holder_item][qode_elements_holder_item vertical_alignment=&#8221;middle&#8221; advanced_animations=&#8221;no&#8221; item_padding=&#8221;15px&#8221;][vc_column_text]<\/p>\n<h5>SCIENZIATI PAZZI<br \/>\nE INVENTORI<\/h5>\n<p>Accendiamo la lampadina che abbiamo sulla testa.[\/vc_column_text][\/qode_elements_holder_item][\/qode_elements_holder][\/vc_column][\/vc_row][vc_row css_animation=&#8221;&#8221; row_type=&#8221;row&#8221; use_row_as_full_screen_section=&#8221;no&#8221; type=&#8221;grid&#8221; angled_section=&#8221;no&#8221; text_align=&#8221;left&#8221; background_image_as_pattern=&#8221;without_pattern&#8221; z_index=&#8221;&#8221; el_class=&#8221;bgGrigio&#8221; background_color=&#8221;#ffffff&#8221;][vc_column width=&#8221;1\/2&#8243;][qode_elements_holder number_of_columns=&#8221;two_columns&#8221; columns_proportion=&#8221;33_66&#8243;][qode_elements_holder_item vertical_alignment=&#8221;middle&#8221; advanced_animations=&#8221;no&#8221; item_padding=&#8221;15px&#8221;][vc_single_image image=&#8221;22&#8243; img_size=&#8221;full&#8221; alignment=&#8221;center&#8221; qode_css_animation=&#8221;&#8221;][\/qode_elements_holder_item][qode_elements_holder_item vertical_alignment=&#8221;middle&#8221; advanced_animations=&#8221;no&#8221; item_padding=&#8221;15px&#8221;][vc_column_text]<\/p>\n<h5>SUPER EROI<br \/>\nED EROESSE<\/h5>\n<p>Scopri i tuoi poteri!<br \/>\nEnon perder l&#8217;occasione di salvare i tuoi amici dal Mostro Riciclone.[\/vc_column_text][\/qode_elements_holder_item][\/qode_elements_holder][\/vc_column][vc_column width=&#8221;1\/2&#8243;][qode_elements_holder number_of_columns=&#8221;two_columns&#8221; columns_proportion=&#8221;33_66&#8243;][qode_elements_holder_item vertical_alignment=&#8221;middle&#8221; advanced_animations=&#8221;no&#8221; item_padding=&#8221;15px&#8221;][vc_single_image image=&#8221;268&#8243; img_size=&#8221;full&#8221; alignment=&#8221;center&#8221; qode_css_animation=&#8221;&#8221;][\/qode_elements_holder_item][qode_elements_holder_item vertical_alignment=&#8221;middle&#8221; advanced_animations=&#8221;no&#8221; item_padding=&#8221;15px&#8221;][vc_column_text]<\/p>\n<h5>CAVALIERI<\/h5>\n<p>C&#8217;\u00e8 un drago da affrontare<\/p>\n<p>e una spada da brandire<\/p>\n<p>Chi ha il coraggio?[\/vc_column_text][\/qode_elements_holder_item][\/qode_elements_holder][\/vc_column][\/vc_row][vc_row css_animation=&#8221;&#8221; row_type=&#8221;row&#8221; use_row_as_full_screen_section=&#8221;no&#8221; type=&#8221;grid&#8221; angled_section=&#8221;no&#8221; text_align=&#8221;center&#8221; background_image_as_pattern=&#8221;without_pattern&#8221; z_index=&#8221;&#8221; anchor=&#8221;ricevimenti&#8221;][vc_column][vc_column_text]<\/p>\n<h2>Ricevimenti<\/h2>\n<p>[\/vc_column_text][qode_elements_holder number_of_columns=&#8221;two_columns&#8221; columns_proportion=&#8221;25_75&#8243;][qode_elements_holder_item vertical_alignment=&#8221;middle&#8221; advanced_animations=&#8221;no&#8221; item_padding=&#8221;15px&#8221;][vc_single_image image=&#8221;37&#8243; img_size=&#8221;full&#8221; alignment=&#8221;center&#8221; qode_css_animation=&#8221;&#8221;][\/qode_elements_holder_item][qode_elements_holder_item vertical_alignment=&#8221;middle&#8221; horizontal_alignment=&#8221;left&#8221; advanced_animations=&#8221;no&#8221; item_padding=&#8221;15px&#8221;][vc_column_text]<\/p>\n<h4>Comunioni, Battesimi, Matrimoni&#8230;<\/h4>\n<p>Le tipologie di animazione proposte sono varie e diversificate.<br \/>\nLa durata dell&#8217;attivit\u00e0 e la scelta del format \u00e8 il risultato di un confronto diretto con il cliente.<br \/>\nTutti i format contemplano un ringraziamento finale, un regalo per tutti i bambini presenti.[\/vc_column_text][\/qode_elements_holder_item][\/qode_elements_holder][\/vc_column][\/vc_row][vc_row css_animation=&#8221;&#8221; row_type=&#8221;row&#8221; use_row_as_full_screen_section=&#8221;no&#8221; type=&#8221;grid&#8221; angled_section=&#8221;no&#8221; text_align=&#8221;center&#8221; background_image_as_pattern=&#8221;without_pattern&#8221; z_index=&#8221;&#8221; anchor=&#8221;manifestazioni&#8221;][vc_column][vc_column_text]<\/p>\n<h2>Festival<\/h2>\n<p>[\/vc_column_text][qode_elements_holder number_of_columns=&#8221;two_columns&#8221; columns_proportion=&#8221;25_75&#8243;][qode_elements_holder_item vertical_alignment=&#8221;middle&#8221; advanced_animations=&#8221;no&#8221; item_padding=&#8221;15px&#8221;][vc_single_image image=&#8221;38&#8243; img_size=&#8221;full&#8221; alignment=&#8221;center&#8221; qode_css_animation=&#8221;&#8221;][\/qode_elements_holder_item][qode_elements_holder_item vertical_alignment=&#8221;middle&#8221; horizontal_alignment=&#8221;left&#8221; advanced_animations=&#8221;no&#8221; item_padding=&#8221;15px&#8221;][vc_column_text]<\/p>\n<h4>Eventi Popolari, Feste di Paese&#8230;<\/h4>\n<p>Le tipologie di laboratorio proposte sono varie e diversificate.<br \/>\nLa durata, il format, l&#8217;attivit\u00e0 e di conseguenza il costo sono il risultato di un confronto diretto con l&#8217;animatore che insieme al cliente, sapr\u00e0 trovare la soluzione migliore in relazione al contesto e alle esigenze di entrambi.[\/vc_column_text][\/qode_elements_holder_item][\/qode_elements_holder][\/vc_column][\/vc_row]<\/p>\n","protected":false},"excerpt":{"rendered":"<p>[vc_row css_animation=&#8221;&#8221; row_type=&#8221;row&#8221; use_row_as_full_screen_section=&#8221;no&#8221; type=&#8221;grid&#8221; angled_section=&#8221;no&#8221; text_align=&#8221;center&#8221; background_image_as_pattern=&#8221;without_pattern&#8221; z_index=&#8221;&#8221; anchor=&#8221;compleanno&#8221;][vc_column][vc_column_text]&#8220;Nella testa e tra le mani la realt\u00e0 si pu\u00f2 trasformare, me ne accorgo, non credevo e mi stupisco. La scoperta risveglia l\u2019interesse e lo stupore invoglia ad una nuova ricerca; \u00e8 cos\u00ec che giocando imparo&#8230;<\/p>\n","protected":false},"author":2,"featured_media":0,"parent":0,"menu_order":0,"comment_status":"closed","ping_status":"closed","template":"","meta":[],"acf":[],"yoast_head":"<!-- This site is optimized with the Yoast SEO plugin v19.6.1 - https:\/\/yoast.com\/wordpress\/plugins\/seo\/ -->\n<title>I nostri eventi - Bravituttieventi<\/title>\n<meta name=\"robots\" content=\"index, follow, max-snippet:-1, max-image-preview:large, max-video-preview:-1\" \/>\n<link rel=\"canonical\" href=\"https:\/\/bravitutti.net\/bravituttieventi\/\" \/>\n<meta property=\"og:locale\" content=\"it_IT\" \/>\n<meta property=\"og:type\" content=\"article\" \/>\n<meta property=\"og:title\" content=\"I nostri eventi - Bravituttieventi\" \/>\n<meta property=\"og:description\" content=\"[vc_row css_animation=&#8221;&#8221; row_type=&#8221;row&#8221; use_row_as_full_screen_section=&#8221;no&#8221; type=&#8221;grid&#8221; angled_section=&#8221;no&#8221; text_align=&#8221;center&#8221; background_image_as_pattern=&#8221;without_pattern&#8221; z_index=&#8221;&#8221; anchor=&#8221;compleanno&#8221;][vc_column][vc_column_text]&#8220;Nella testa e tra le mani la realt\u00e0 si pu\u00f2 trasformare, me ne accorgo, non credevo e mi stupisco. La scoperta risveglia l\u2019interesse e lo stupore invoglia ad una nuova ricerca; \u00e8 cos\u00ec che giocando imparo...\" \/>\n<meta property=\"og:url\" content=\"https:\/\/bravitutti.net\/bravituttieventi\/\" \/>\n<meta property=\"og:site_name\" content=\"Bravituttieventi\" \/>\n<meta property=\"article:modified_time\" content=\"2026-02-06T14:56:44+00:00\" \/>\n<meta name=\"twitter:card\" content=\"summary_large_image\" \/>\n<meta name=\"twitter:label1\" content=\"Tempo di lettura stimato\" \/>\n\t<meta name=\"twitter:data1\" content=\"3 minuti\" \/>\n<script type=\"application\/ld+json\" class=\"yoast-schema-graph\">{\"@context\":\"https:\/\/schema.org\",\"@graph\":[{\"@type\":\"WebPage\",\"@id\":\"https:\/\/bravitutti.net\/bravituttieventi\/\",\"url\":\"https:\/\/bravitutti.net\/bravituttieventi\/\",\"name\":\"I nostri eventi - Bravituttieventi\",\"isPartOf\":{\"@id\":\"https:\/\/bravitutti.net\/bravituttieventi\/#website\"},\"datePublished\":\"2022-10-18T14:33:47+00:00\",\"dateModified\":\"2026-02-06T14:56:44+00:00\",\"breadcrumb\":{\"@id\":\"https:\/\/bravitutti.net\/bravituttieventi\/#breadcrumb\"},\"inLanguage\":\"it-IT\",\"potentialAction\":[{\"@type\":\"ReadAction\",\"target\":[\"https:\/\/bravitutti.net\/bravituttieventi\/\"]}]},{\"@type\":\"BreadcrumbList\",\"@id\":\"https:\/\/bravitutti.net\/bravituttieventi\/#breadcrumb\",\"itemListElement\":[{\"@type\":\"ListItem\",\"position\":1,\"name\":\"Home\",\"item\":\"https:\/\/bravitutti.net\/bravituttieventi\/\"},{\"@type\":\"ListItem\",\"position\":2,\"name\":\"I nostri eventi\"}]},{\"@type\":\"WebSite\",\"@id\":\"https:\/\/bravitutti.net\/bravituttieventi\/#website\",\"url\":\"https:\/\/bravitutti.net\/bravituttieventi\/\",\"name\":\"Bravituttieventi\",\"description\":\"Eventi - Feste - Ricevimenti\",\"potentialAction\":[{\"@type\":\"SearchAction\",\"target\":{\"@type\":\"EntryPoint\",\"urlTemplate\":\"https:\/\/bravitutti.net\/bravituttieventi\/?s={search_term_string}\"},\"query-input\":\"required name=search_term_string\"}],\"inLanguage\":\"it-IT\"}]}<\/script>\n<!-- \/ Yoast SEO plugin. -->","yoast_head_json":{"title":"I nostri eventi - Bravituttieventi","robots":{"index":"index","follow":"follow","max-snippet":"max-snippet:-1","max-image-preview":"max-image-preview:large","max-video-preview":"max-video-preview:-1"},"canonical":"https:\/\/bravitutti.net\/bravituttieventi\/","og_locale":"it_IT","og_type":"article","og_title":"I nostri eventi - Bravituttieventi","og_description":"[vc_row css_animation=&#8221;&#8221; row_type=&#8221;row&#8221; use_row_as_full_screen_section=&#8221;no&#8221; type=&#8221;grid&#8221; angled_section=&#8221;no&#8221; text_align=&#8221;center&#8221; background_image_as_pattern=&#8221;without_pattern&#8221; z_index=&#8221;&#8221; anchor=&#8221;compleanno&#8221;][vc_column][vc_column_text]&#8220;Nella testa e tra le mani la realt\u00e0 si pu\u00f2 trasformare, me ne accorgo, non credevo e mi stupisco. La scoperta risveglia l\u2019interesse e lo stupore invoglia ad una nuova ricerca; \u00e8 cos\u00ec che giocando imparo...","og_url":"https:\/\/bravitutti.net\/bravituttieventi\/","og_site_name":"Bravituttieventi","article_modified_time":"2026-02-06T14:56:44+00:00","twitter_card":"summary_large_image","twitter_misc":{"Tempo di lettura stimato":"3 minuti"},"schema":{"@context":"https:\/\/schema.org","@graph":[{"@type":"WebPage","@id":"https:\/\/bravitutti.net\/bravituttieventi\/","url":"https:\/\/bravitutti.net\/bravituttieventi\/","name":"I nostri eventi - Bravituttieventi","isPartOf":{"@id":"https:\/\/bravitutti.net\/bravituttieventi\/#website"},"datePublished":"2022-10-18T14:33:47+00:00","dateModified":"2026-02-06T14:56:44+00:00","breadcrumb":{"@id":"https:\/\/bravitutti.net\/bravituttieventi\/#breadcrumb"},"inLanguage":"it-IT","potentialAction":[{"@type":"ReadAction","target":["https:\/\/bravitutti.net\/bravituttieventi\/"]}]},{"@type":"BreadcrumbList","@id":"https:\/\/bravitutti.net\/bravituttieventi\/#breadcrumb","itemListElement":[{"@type":"ListItem","position":1,"name":"Home","item":"https:\/\/bravitutti.net\/bravituttieventi\/"},{"@type":"ListItem","position":2,"name":"I nostri eventi"}]},{"@type":"WebSite","@id":"https:\/\/bravitutti.net\/bravituttieventi\/#website","url":"https:\/\/bravitutti.net\/bravituttieventi\/","name":"Bravituttieventi","description":"Eventi - Feste - Ricevimenti","potentialAction":[{"@type":"SearchAction","target":{"@type":"EntryPoint","urlTemplate":"https:\/\/bravitutti.net\/bravituttieventi\/?s={search_term_string}"},"query-input":"required name=search_term_string"}],"inLanguage":"it-IT"}]}},"_links":{"self":[{"href":"https:\/\/bravitutti.net\/bravituttieventi\/wp-json\/wp\/v2\/pages\/2"}],"collection":[{"href":"https:\/\/bravitutti.net\/bravituttieventi\/wp-json\/wp\/v2\/pages"}],"about":[{"href":"https:\/\/bravitutti.net\/bravituttieventi\/wp-json\/wp\/v2\/types\/page"}],"author":[{"embeddable":true,"href":"https:\/\/bravitutti.net\/bravituttieventi\/wp-json\/wp\/v2\/users\/2"}],"replies":[{"embeddable":true,"href":"https:\/\/bravitutti.net\/bravituttieventi\/wp-json\/wp\/v2\/comments?post=2"}],"version-history":[{"count":29,"href":"https:\/\/bravitutti.net\/bravituttieventi\/wp-json\/wp\/v2\/pages\/2\/revisions"}],"predecessor-version":[{"id":277,"href":"https:\/\/bravitutti.net\/bravituttieventi\/wp-json\/wp\/v2\/pages\/2\/revisions\/277"}],"wp:attachment":[{"href":"https:\/\/bravitutti.net\/bravituttieventi\/wp-json\/wp\/v2\/media?parent=2"}],"curies":[{"name":"wp","href":"https:\/\/api.w.org\/{rel}","templated":true}]}}